{"id":764,"date":"2024-01-09T06:34:05","date_gmt":"2024-01-09T06:34:05","guid":{"rendered":"https:\/\/themexriver.com\/wp\/choicy\/?page_id=764"},"modified":"2025-09-02T09:35:19","modified_gmt":"2025-09-02T09:35:19","slug":"career","status":"publish","type":"page","link":"https:\/\/digitech-planet.com\/fr\/career\/","title":{"rendered":"Carri\u00e8re"},"content":{"rendered":"<div data-elementor-type=\"wp-page\" data-elementor-id=\"764\" class=\"elementor elementor-764\">\n\t\t\t\t\t\t<section class=\"elementor-section elementor-top-section elementor-element elementor-element-b56c9bd elementor-section-full_width fix elementor-section-height-default elementor-section-height-default\" data-id=\"b56c9bd\" data-element_type=\"section\" data-settings=\"{&quot;background_background&quot;:&quot;classic&quot;}\">\n\t\t\t\t\t\t<div class=\"elementor-container elementor-column-gap-default\">\n\t\t\t\t\t<div class=\"elementor-column elementor-col-100 elementor-top-column elementor-element elementor-element-71c1a16\" data-id=\"71c1a16\" data-element_type=\"column\">\n\t\t\t<div class=\"elementor-widget-wrap elementor-element-populated\">\n\t\t\t\t\t\t<section class=\"elementor-section elementor-inner-section elementor-element elementor-element-b012166 elementor-section-content-middle elementor-section-boxed elementor-section-height-default elementor-section-height-default\" data-id=\"b012166\" data-element_type=\"section\">\n\t\t\t\t\t\t<div class=\"elementor-container elementor-column-gap-default\">\n\t\t\t\t\t<div class=\"elementor-column elementor-col-100 elementor-inner-column elementor-element elementor-element-c4d81a0\" data-id=\"c4d81a0\" data-element_type=\"column\">\n\t\t\t<div class=\"elementor-widget-wrap elementor-element-populated\">\n\t\t\t\t\t\t<div class=\"elementor-element elementor-element-6f22383 elementor-widget elementor-widget-tx_heading elh-el tx_heading\" data-id=\"6f22383\" data-element_type=\"widget\" data-settings=\"{&quot;design_style&quot;:&quot;style_1&quot;}\" data-widget_type=\"tx_heading.default\">\n\t\t\t\t<div class=\"elementor-widget-container\">\n\t\t\t\t\t<div class=\"section-title-wrap text-center\">\r\n    \r\n    <h5 class=\"tx-title chy-title-1 chy-split-text\">Postes vacants<\/h5>\r\n        <p class=\"tx-description chy-para-1 wow\">\r\n        Rejoignez notre \u00e9quipe en pleine croissance\u00a0! Nous recherchons des personnes passionn\u00e9es et talentueuses qui souhaitent avoir un impact positif. Consultez nos offres d'emploi et progressez dans votre carri\u00e8re avec nous.     <\/p>\r\n    <\/div>\t\t\t\t<\/div>\n\t\t\t\t<\/div>\n\t\t\t\t\t<\/div>\n\t\t<\/div>\n\t\t\t\t\t<\/div>\n\t\t<\/section>\n\t\t\t\t<section class=\"elementor-section elementor-inner-section elementor-element elementor-element-4e40c4c elementor-section-boxed elementor-section-height-default elementor-section-height-default\" data-id=\"4e40c4c\" data-element_type=\"section\">\n\t\t\t\t\t\t\t<div class=\"elementor-background-overlay\"><\/div>\n\t\t\t\t\t\t\t<div class=\"elementor-container elementor-column-gap-custom\">\n\t\t\t\t\t<div class=\"elementor-column elementor-col-33 elementor-inner-column elementor-element elementor-element-d2f0d9b\" data-id=\"d2f0d9b\" data-element_type=\"column\">\n\t\t\t<div class=\"elementor-widget-wrap elementor-element-populated\">\n\t\t\t\t\t\t<div class=\"elementor-element elementor-element-f00e7cd elementor-widget elementor-widget-tx_career_box elh-el tx_career_box\" data-id=\"f00e7cd\" data-element_type=\"widget\" data-settings=\"{&quot;design_style&quot;:&quot;style_1&quot;}\" data-widget_type=\"tx_career_box.default\">\n\t\t\t\t<div class=\"elementor-widget-container\">\n\t\t\t\t\t<div class=\"career-page-item\">\r\n    <div class=\"icon-wrap\">\r\n                <div class=\"icon\">\r\n                            <img decoding=\"async\" src=\"https:\/\/digitech-planet.com\/wp-content\/uploads\/2024\/08\/extendify-demo-logo.png\" alt=\"\" \/>\r\n                    <\/div>\r\n        \r\n                <span class=\"chy-heading-1 full-time\">\u00c0 temps plein<\/span>\r\n            <\/div>\r\n\r\n        <h4 class=\"chy-heading-1 title\">Concepteur de produits<\/h4>\r\n    \r\n    <div class=\"meta\">\r\n                <span class=\"chy-para-1 loc\">\r\n            <i aria-hidden=\"true\" class=\"fas fa-street-view\"><\/i>            Emplacement        <\/span>\r\n        \r\n                <span class=\"chy-para-1 date\">\r\n            <i aria-hidden=\"true\" class=\"far fa-calendar-alt\"><\/i>            30 Mars 2024        <\/span>\r\n            <\/div>\r\n\r\n        <p class=\"chy-para-1 disc\">Nous recherchons un(e) designer produit cr\u00e9atif(ve) et minutieux(se) pour rejoindre notre \u00e9quipe. Vous jouerez un r\u00f4le essentiel dans l'\u00e9laboration de l'exp\u00e9rience utilisateur et de l'identit\u00e9 visuelle de nos produits. En tant que designer produit, vous collaborerez <\/p>\r\n    \r\n    <div class=\"btn-wrap\">\r\n                <a class=\"chy-pr-btn-1\" href=\"https:\/\/digitech-planet.com\/fr\/job-apply\/\">\r\n            <span class=\"text\">\r\n                Postulez maintenant            <\/span>\r\n\r\n                        <span class=\"icon\">\r\n                <i aria-hidden=\"true\" class=\"flaticon-straight-right-arrow\"><\/i>            <\/span>\r\n                    <\/a>\r\n        \r\n            <\/div>\r\n<\/div>\t\t\t\t<\/div>\n\t\t\t\t<\/div>\n\t\t\t\t\t<\/div>\n\t\t<\/div>\n\t\t\t\t<div class=\"elementor-column elementor-col-33 elementor-inner-column elementor-element elementor-element-c6e7bb5\" data-id=\"c6e7bb5\" data-element_type=\"column\">\n\t\t\t<div class=\"elementor-widget-wrap elementor-element-populated\">\n\t\t\t\t\t\t<div class=\"elementor-element elementor-element-5407cc8 elementor-widget elementor-widget-tx_career_box elh-el tx_career_box\" data-id=\"5407cc8\" data-element_type=\"widget\" data-settings=\"{&quot;design_style&quot;:&quot;style_1&quot;}\" data-widget_type=\"tx_career_box.default\">\n\t\t\t\t<div class=\"elementor-widget-container\">\n\t\t\t\t\t<div class=\"career-page-item\">\r\n    <div class=\"icon-wrap\">\r\n                <div class=\"icon\">\r\n                            <img decoding=\"async\" src=\"https:\/\/digitech-planet.com\/wp-content\/uploads\/2024\/08\/extendify-demo-logo.png\" alt=\"\" \/>\r\n                    <\/div>\r\n        \r\n                <span class=\"chy-heading-1 full-time\">\u00c0 temps plein<\/span>\r\n            <\/div>\r\n\r\n        <h4 class=\"chy-heading-1 title\">Concepteur de produits<\/h4>\r\n    \r\n    <div class=\"meta\">\r\n                <span class=\"chy-para-1 loc\">\r\n            <i aria-hidden=\"true\" class=\"fas fa-street-view\"><\/i>            Emplacement        <\/span>\r\n        \r\n                <span class=\"chy-para-1 date\">\r\n            <i aria-hidden=\"true\" class=\"far fa-calendar-alt\"><\/i>            30 Mars 2024        <\/span>\r\n            <\/div>\r\n\r\n        <p class=\"chy-para-1 disc\">Nous recherchons un(e) designer produit cr\u00e9atif(ve) et minutieux(se) pour rejoindre notre \u00e9quipe. Vous jouerez un r\u00f4le essentiel dans l'\u00e9laboration de l'exp\u00e9rience utilisateur et de l'identit\u00e9 visuelle de nos produits. En tant que designer produit, vous collaborerez <\/p>\r\n    \r\n    <div class=\"btn-wrap\">\r\n                <a class=\"chy-pr-btn-1\" href=\"https:\/\/digitech-planet.com\/fr\/job-apply\/\">\r\n            <span class=\"text\">\r\n                Postulez maintenant            <\/span>\r\n\r\n                        <span class=\"icon\">\r\n                <i aria-hidden=\"true\" class=\"flaticon-straight-right-arrow\"><\/i>            <\/span>\r\n                    <\/a>\r\n        \r\n            <\/div>\r\n<\/div>\t\t\t\t<\/div>\n\t\t\t\t<\/div>\n\t\t\t\t\t<\/div>\n\t\t<\/div>\n\t\t\t\t<div class=\"elementor-column elementor-col-33 elementor-inner-column elementor-element elementor-element-daeef24\" data-id=\"daeef24\" data-element_type=\"column\">\n\t\t\t<div class=\"elementor-widget-wrap elementor-element-populated\">\n\t\t\t\t\t\t<div class=\"elementor-element elementor-element-43a49c6 elementor-widget elementor-widget-tx_career_box elh-el tx_career_box\" data-id=\"43a49c6\" data-element_type=\"widget\" data-settings=\"{&quot;design_style&quot;:&quot;style_1&quot;}\" data-widget_type=\"tx_career_box.default\">\n\t\t\t\t<div class=\"elementor-widget-container\">\n\t\t\t\t\t<div class=\"career-page-item\">\r\n    <div class=\"icon-wrap\">\r\n                <div class=\"icon\">\r\n                            <img decoding=\"async\" src=\"https:\/\/digitech-planet.com\/wp-content\/uploads\/2024\/08\/extendify-demo-logo.png\" alt=\"\" \/>\r\n                    <\/div>\r\n        \r\n                <span class=\"chy-heading-1 full-time\">\u00c0 temps plein<\/span>\r\n            <\/div>\r\n\r\n        <h4 class=\"chy-heading-1 title\">Concepteur de produits<\/h4>\r\n    \r\n    <div class=\"meta\">\r\n                <span class=\"chy-para-1 loc\">\r\n            <i aria-hidden=\"true\" class=\"fas fa-street-view\"><\/i>            Emplacement        <\/span>\r\n        \r\n                <span class=\"chy-para-1 date\">\r\n            <i aria-hidden=\"true\" class=\"far fa-calendar-alt\"><\/i>            30 Mars 2024        <\/span>\r\n            <\/div>\r\n\r\n        <p class=\"chy-para-1 disc\">Nous recherchons un(e) designer produit cr\u00e9atif(ve) et minutieux(se) pour rejoindre notre \u00e9quipe. Vous jouerez un r\u00f4le essentiel dans l'\u00e9laboration de l'exp\u00e9rience utilisateur et de l'identit\u00e9 visuelle de nos produits. En tant que designer produit, vous collaborerez <\/p>\r\n    \r\n    <div class=\"btn-wrap\">\r\n                <a class=\"chy-pr-btn-1\" href=\"https:\/\/digitech-planet.com\/fr\/job-apply\/\">\r\n            <span class=\"text\">\r\n                Postulez maintenant            <\/span>\r\n\r\n                        <span class=\"icon\">\r\n                <i aria-hidden=\"true\" class=\"flaticon-straight-right-arrow\"><\/i>            <\/span>\r\n                    <\/a>\r\n        \r\n            <\/div>\r\n<\/div>\t\t\t\t<\/div>\n\t\t\t\t<\/div>\n\t\t\t\t\t<\/div>\n\t\t<\/div>\n\t\t\t\t\t<\/div>\n\t\t<\/section>\n\t\t\t\t<section class=\"elementor-section elementor-inner-section elementor-element elementor-element-1ec819b elementor-section-boxed elementor-section-height-default elementor-section-height-default\" data-id=\"1ec819b\" data-element_type=\"section\">\n\t\t\t\t\t\t\t<div class=\"elementor-background-overlay\"><\/div>\n\t\t\t\t\t\t\t<div class=\"elementor-container elementor-column-gap-custom\">\n\t\t\t\t\t<div class=\"elementor-column elementor-col-33 elementor-inner-column elementor-element elementor-element-d553d29\" data-id=\"d553d29\" data-element_type=\"column\">\n\t\t\t<div class=\"elementor-widget-wrap elementor-element-populated\">\n\t\t\t\t\t\t<div class=\"elementor-element elementor-element-171401b elementor-widget elementor-widget-tx_career_box elh-el tx_career_box\" data-id=\"171401b\" data-element_type=\"widget\" data-settings=\"{&quot;design_style&quot;:&quot;style_1&quot;}\" data-widget_type=\"tx_career_box.default\">\n\t\t\t\t<div class=\"elementor-widget-container\">\n\t\t\t\t\t<div class=\"career-page-item\">\r\n    <div class=\"icon-wrap\">\r\n                <div class=\"icon\">\r\n                            <img decoding=\"async\" src=\"https:\/\/digitech-planet.com\/wp-content\/uploads\/2024\/08\/extendify-demo-logo.png\" alt=\"\" \/>\r\n                    <\/div>\r\n        \r\n                <span class=\"chy-heading-1 full-time\">\u00c0 temps plein<\/span>\r\n            <\/div>\r\n\r\n        <h4 class=\"chy-heading-1 title\">Concepteur de produits<\/h4>\r\n    \r\n    <div class=\"meta\">\r\n                <span class=\"chy-para-1 loc\">\r\n            <i aria-hidden=\"true\" class=\"fas fa-street-view\"><\/i>            Emplacement        <\/span>\r\n        \r\n                <span class=\"chy-para-1 date\">\r\n            <i aria-hidden=\"true\" class=\"far fa-calendar-alt\"><\/i>            30 Mars 2024        <\/span>\r\n            <\/div>\r\n\r\n        <p class=\"chy-para-1 disc\">Nous recherchons un(e) designer produit cr\u00e9atif(ve) et minutieux(se) pour rejoindre notre \u00e9quipe. Vous jouerez un r\u00f4le essentiel dans l'\u00e9laboration de l'exp\u00e9rience utilisateur et de l'identit\u00e9 visuelle de nos produits. En tant que designer produit, vous collaborerez <\/p>\r\n    \r\n    <div class=\"btn-wrap\">\r\n                <a class=\"chy-pr-btn-1\" href=\"https:\/\/digitech-planet.com\/fr\/job-apply\/\">\r\n            <span class=\"text\">\r\n                Postulez maintenant            <\/span>\r\n\r\n                        <span class=\"icon\">\r\n                <i aria-hidden=\"true\" class=\"flaticon-straight-right-arrow\"><\/i>            <\/span>\r\n                    <\/a>\r\n        \r\n            <\/div>\r\n<\/div>\t\t\t\t<\/div>\n\t\t\t\t<\/div>\n\t\t\t\t\t<\/div>\n\t\t<\/div>\n\t\t\t\t<div class=\"elementor-column elementor-col-33 elementor-inner-column elementor-element elementor-element-530e9b2\" data-id=\"530e9b2\" data-element_type=\"column\">\n\t\t\t<div class=\"elementor-widget-wrap elementor-element-populated\">\n\t\t\t\t\t\t<div class=\"elementor-element elementor-element-d5d5cd2 elementor-widget elementor-widget-tx_career_box elh-el tx_career_box\" data-id=\"d5d5cd2\" data-element_type=\"widget\" data-settings=\"{&quot;design_style&quot;:&quot;style_1&quot;}\" data-widget_type=\"tx_career_box.default\">\n\t\t\t\t<div class=\"elementor-widget-container\">\n\t\t\t\t\t<div class=\"career-page-item\">\r\n    <div class=\"icon-wrap\">\r\n                <div class=\"icon\">\r\n                            <img decoding=\"async\" src=\"https:\/\/digitech-planet.com\/wp-content\/uploads\/2024\/08\/extendify-demo-logo.png\" alt=\"\" \/>\r\n                    <\/div>\r\n        \r\n                <span class=\"chy-heading-1 full-time\">\u00c0 temps plein<\/span>\r\n            <\/div>\r\n\r\n        <h4 class=\"chy-heading-1 title\">Concepteur de produits<\/h4>\r\n    \r\n    <div class=\"meta\">\r\n                <span class=\"chy-para-1 loc\">\r\n            <i aria-hidden=\"true\" class=\"fas fa-street-view\"><\/i>            Emplacement        <\/span>\r\n        \r\n                <span class=\"chy-para-1 date\">\r\n            <i aria-hidden=\"true\" class=\"far fa-calendar-alt\"><\/i>            30 Mars 2024        <\/span>\r\n            <\/div>\r\n\r\n        <p class=\"chy-para-1 disc\">Nous recherchons un(e) designer produit cr\u00e9atif(ve) et minutieux(se) pour rejoindre notre \u00e9quipe. Vous jouerez un r\u00f4le essentiel dans l'\u00e9laboration de l'exp\u00e9rience utilisateur et de l'identit\u00e9 visuelle de nos produits. En tant que designer produit, vous collaborerez <\/p>\r\n    \r\n    <div class=\"btn-wrap\">\r\n                <a class=\"chy-pr-btn-1\" href=\"https:\/\/digitech-planet.com\/fr\/job-apply\/\">\r\n            <span class=\"text\">\r\n                Postulez maintenant            <\/span>\r\n\r\n                        <span class=\"icon\">\r\n                <i aria-hidden=\"true\" class=\"flaticon-straight-right-arrow\"><\/i>            <\/span>\r\n                    <\/a>\r\n        \r\n            <\/div>\r\n<\/div>\t\t\t\t<\/div>\n\t\t\t\t<\/div>\n\t\t\t\t\t<\/div>\n\t\t<\/div>\n\t\t\t\t<div class=\"elementor-column elementor-col-33 elementor-inner-column elementor-element elementor-element-803ae60\" data-id=\"803ae60\" data-element_type=\"column\">\n\t\t\t<div class=\"elementor-widget-wrap elementor-element-populated\">\n\t\t\t\t\t\t<div class=\"elementor-element elementor-element-896de5b elementor-widget elementor-widget-tx_career_box elh-el tx_career_box\" data-id=\"896de5b\" data-element_type=\"widget\" data-settings=\"{&quot;design_style&quot;:&quot;style_1&quot;}\" data-widget_type=\"tx_career_box.default\">\n\t\t\t\t<div class=\"elementor-widget-container\">\n\t\t\t\t\t<div class=\"career-page-item\">\r\n    <div class=\"icon-wrap\">\r\n                <div class=\"icon\">\r\n                            <img decoding=\"async\" src=\"https:\/\/digitech-planet.com\/wp-content\/uploads\/2024\/08\/extendify-demo-logo.png\" alt=\"\" \/>\r\n                    <\/div>\r\n        \r\n                <span class=\"chy-heading-1 full-time\">\u00c0 temps plein<\/span>\r\n            <\/div>\r\n\r\n        <h4 class=\"chy-heading-1 title\">Concepteur de produits<\/h4>\r\n    \r\n    <div class=\"meta\">\r\n                <span class=\"chy-para-1 loc\">\r\n            <i aria-hidden=\"true\" class=\"fas fa-street-view\"><\/i>            Emplacement        <\/span>\r\n        \r\n                <span class=\"chy-para-1 date\">\r\n            <i aria-hidden=\"true\" class=\"far fa-calendar-alt\"><\/i>            30 Mars 2024        <\/span>\r\n            <\/div>\r\n\r\n        <p class=\"chy-para-1 disc\">Nous recherchons un(e) designer produit cr\u00e9atif(ve) et minutieux(se) pour rejoindre notre \u00e9quipe. Vous jouerez un r\u00f4le essentiel dans l'\u00e9laboration de l'exp\u00e9rience utilisateur et de l'identit\u00e9 visuelle de nos produits. En tant que designer produit, vous collaborerez <\/p>\r\n    \r\n    <div class=\"btn-wrap\">\r\n                <a class=\"chy-pr-btn-1\" href=\"https:\/\/digitech-planet.com\/fr\/job-apply\/\">\r\n            <span class=\"text\">\r\n                Postulez maintenant            <\/span>\r\n\r\n                        <span class=\"icon\">\r\n                <i aria-hidden=\"true\" class=\"flaticon-straight-right-arrow\"><\/i>            <\/span>\r\n                    <\/a>\r\n        \r\n            <\/div>\r\n<\/div>\t\t\t\t<\/div>\n\t\t\t\t<\/div>\n\t\t\t\t\t<\/div>\n\t\t<\/div>\n\t\t\t\t\t<\/div>\n\t\t<\/section>\n\t\t\t\t\t<\/div>\n\t\t<\/div>\n\t\t\t\t\t<\/div>\n\t\t<\/section>\n\t\t\t\t<\/div>","protected":false},"excerpt":{"rendered":"<p>Vacancies Join our growing team! We&#8217;re looking for passionate , talented people who want to make an impact. Check our job openings and take the next step in your career with us Full Time Product Designer Location 30 March 2024 We are seeking a creative and detail-oriented Product Designer to join our team. You will [&hellip;]<\/p>","protected":false},"author":1,"featured_media":0,"parent":0,"menu_order":0,"comment_status":"closed","ping_status":"closed","template":"elementor_header_footer","meta":{"inline_featured_image":false,"footnotes":""},"class_list":["post-764","page","type-page","status-publish","hentry"],"_links":{"self":[{"href":"https:\/\/digitech-planet.com\/fr\/wp-json\/wp\/v2\/pages\/764","targetHints":{"allow":["GET"]}}],"collection":[{"href":"https:\/\/digitech-planet.com\/fr\/wp-json\/wp\/v2\/pages"}],"about":[{"href":"https:\/\/digitech-planet.com\/fr\/wp-json\/wp\/v2\/types\/page"}],"author":[{"embeddable":true,"href":"https:\/\/digitech-planet.com\/fr\/wp-json\/wp\/v2\/users\/1"}],"replies":[{"embeddable":true,"href":"https:\/\/digitech-planet.com\/fr\/wp-json\/wp\/v2\/comments?post=764"}],"version-history":[{"count":103,"href":"https:\/\/digitech-planet.com\/fr\/wp-json\/wp\/v2\/pages\/764\/revisions"}],"predecessor-version":[{"id":4538,"href":"https:\/\/digitech-planet.com\/fr\/wp-json\/wp\/v2\/pages\/764\/revisions\/4538"}],"wp:attachment":[{"href":"https:\/\/digitech-planet.com\/fr\/wp-json\/wp\/v2\/media?parent=764"}],"curies":[{"name":"wp","href":"https:\/\/api.w.org\/{rel}","templated":true}]}}