{"id":701,"date":"2024-01-08T20:05:30","date_gmt":"2024-01-08T20:05:30","guid":{"rendered":"https:\/\/themexriver.com\/wp\/choicy\/?page_id=701"},"modified":"2025-09-11T13:03:57","modified_gmt":"2025-09-11T13:03:57","slug":"job-apply","status":"publish","type":"page","link":"https:\/\/digitech-planet.com\/fr\/job-apply\/","title":{"rendered":"Postuler \u00e0 un emploi"},"content":{"rendered":"<div data-elementor-type=\"wp-page\" data-elementor-id=\"701\" class=\"elementor elementor-701\">\n\t\t\t\t\t\t<section class=\"elementor-section elementor-top-section elementor-element elementor-element-54789e0 elementor-section-full_width fix elementor-section-height-default elementor-section-height-default\" data-id=\"54789e0\" data-element_type=\"section\" data-settings=\"{&quot;background_background&quot;:&quot;classic&quot;}\">\n\t\t\t\t\t\t<div class=\"elementor-container elementor-column-gap-default\">\n\t\t\t\t\t<div class=\"elementor-column elementor-col-100 elementor-top-column elementor-element elementor-element-0e94527\" data-id=\"0e94527\" data-element_type=\"column\">\n\t\t\t<div class=\"elementor-widget-wrap elementor-element-populated\">\n\t\t\t\t\t\t<section class=\"elementor-section elementor-inner-section elementor-element elementor-element-80d84db elementor-section-full_width elementor-section-height-default elementor-section-height-default\" data-id=\"80d84db\" data-element_type=\"section\">\n\t\t\t\t\t\t<div class=\"elementor-container elementor-column-gap-default\">\n\t\t\t\t\t<div class=\"elementor-column elementor-col-100 elementor-inner-column elementor-element elementor-element-0baf9f0\" data-id=\"0baf9f0\" data-element_type=\"column\">\n\t\t\t<div class=\"elementor-widget-wrap elementor-element-populated\">\n\t\t\t\t\t\t<div class=\"elementor-element elementor-element-a1afba3 elementor-widget elementor-widget-tx_heading elh-el tx_heading\" data-id=\"a1afba3\" data-element_type=\"widget\" data-settings=\"{&quot;design_style&quot;:&quot;style_1&quot;}\" data-widget_type=\"tx_heading.default\">\n\t\t\t\t<div class=\"elementor-widget-container\">\n\t\t\t\t\t<div class=\"section-title-wrap text-center\">\r\n    \r\n    <h2 class=\"tx-title chy-title-1 chy-split-text chy-split-in-right\">Postuler pour cet emploi<\/h2>\r\n        <p class=\"tx-description chy-para-1 wow\">\r\n        Nous sommes constamment \u00e0 la recherche de personnes passionn\u00e9es et talentueuses pour \u00e9voluer avec nous. Si vous \u00eates motiv\u00e9, innovant et pr\u00eat \u00e0 avoir un impact, nous serions ravis de vous rencontrer. Postulez d\u00e8s maintenant et tentez votre chance pour rejoindre notre \u00e9quipe.    <\/p>\r\n    <\/div>\t\t\t\t<\/div>\n\t\t\t\t<\/div>\n\t\t\t\t\t<\/div>\n\t\t<\/div>\n\t\t\t\t\t<\/div>\n\t\t<\/section>\n\t\t\t\t<section class=\"elementor-section elementor-inner-section elementor-element elementor-element-d689b8e jobs-apply-area elementor-section-boxed elementor-section-height-default elementor-section-height-default\" data-id=\"d689b8e\" data-element_type=\"section\">\n\t\t\t\t\t\t<div class=\"elementor-container elementor-column-gap-default\">\n\t\t\t\t\t<div class=\"elementor-column elementor-col-100 elementor-inner-column elementor-element elementor-element-ef3b29d\" data-id=\"ef3b29d\" data-element_type=\"column\" data-settings=\"{&quot;background_background&quot;:&quot;classic&quot;}\">\n\t\t\t<div class=\"elementor-widget-wrap elementor-element-populated\">\n\t\t\t\t\t\t<div class=\"elementor-element elementor-element-b8bda7c elementor-widget elementor-widget-shortcode\" data-id=\"b8bda7c\" data-element_type=\"widget\" data-widget_type=\"shortcode.default\">\n\t\t\t\t<div class=\"elementor-widget-container\">\n\t\t\t\t\t\t\t<div class=\"elementor-shortcode\">\n<div class=\"wpcf7 no-js\" id=\"wpcf7-f1361-o1\" lang=\"en-US\" dir=\"ltr\" data-wpcf7-id=\"1361\">\n<div class=\"screen-reader-response\"><p role=\"status\" aria-live=\"polite\" aria-atomic=\"true\"><\/p> <ul><\/ul><\/div>\n<form action=\"\/fr\/wp-json\/wp\/v2\/pages\/701#wpcf7-f1361-o1\" method=\"post\" class=\"wpcf7-form init\" aria-label=\"Contact form\" enctype=\"multipart\/form-data\" novalidate=\"novalidate\" data-status=\"init\" data-trp-original-action=\"\/fr\/wp-json\/wp\/v2\/pages\/701#wpcf7-f1361-o1\">\n<fieldset class=\"hidden-fields-container\"><input type=\"hidden\" name=\"_wpcf7\" value=\"1361\" \/><input type=\"hidden\" name=\"_wpcf7_version\" value=\"6.1.1\" \/><input type=\"hidden\" name=\"_wpcf7_locale\" value=\"en_US\" \/><input type=\"hidden\" name=\"_wpcf7_unit_tag\" value=\"wpcf7-f1361-o1\" \/><input type=\"hidden\" name=\"_wpcf7_container_post\" value=\"0\" \/><input type=\"hidden\" name=\"_wpcf7_posted_data_hash\" value=\"\" \/>\n<\/fieldset>\n<div class=\"contact-form tx-input-field\">\n    <div class=\"row\">\n        <div class=\"col-xl-6\">\n            <span class=\"wpcf7-form-control-wrap\" data-name=\"text-505\"><input size=\"40\" maxlength=\"400\" class=\"wpcf7-form-control wpcf7-text wpcf7-validates-as-required\" aria-required=\"true\" aria-invalid=\"false\" placeholder=\"Pr\u00e9nom\" value=\"\" type=\"text\" name=\"text-505\" \/><\/span>\n        <\/div>\n        <div class=\"col-xl-6\">\n            <span class=\"wpcf7-form-control-wrap\" data-name=\"text-506\"><input size=\"40\" maxlength=\"400\" class=\"wpcf7-form-control wpcf7-text wpcf7-validates-as-required\" aria-required=\"true\" aria-invalid=\"false\" placeholder=\"Nom\" value=\"\" type=\"text\" name=\"text-506\" \/><\/span>\n        <\/div>\n        <div class=\"col-xl-6\">\n            <span class=\"wpcf7-form-control-wrap\" data-name=\"tel-560\"><input size=\"40\" maxlength=\"400\" class=\"wpcf7-form-control wpcf7-tel wpcf7-validates-as-required wpcf7-text wpcf7-validates-as-tel\" aria-required=\"true\" aria-invalid=\"false\" placeholder=\"num\u00e9ro de t\u00e9l\u00e9phone\" value=\"\" type=\"tel\" name=\"tel-560\" \/><\/span>\n        <\/div>\n        <div class=\"col-xl-6\">\n            <span class=\"wpcf7-form-control-wrap\" data-name=\"text-507\"><input size=\"40\" maxlength=\"400\" class=\"wpcf7-form-control wpcf7-text wpcf7-validates-as-required\" aria-required=\"true\" aria-invalid=\"false\" placeholder=\"emplacement (ville)\" value=\"\" type=\"text\" name=\"text-507\" \/><\/span>\n        <\/div>\n        <div class=\"col-xl-6\">\n            <span class=\"wpcf7-form-control-wrap\" data-name=\"email-789\"><input size=\"40\" maxlength=\"400\" class=\"wpcf7-form-control wpcf7-email wpcf7-validates-as-required wpcf7-text wpcf7-validates-as-email\" aria-required=\"true\" aria-invalid=\"false\" placeholder=\"Adresse Email\" value=\"\" type=\"email\" name=\"email-789\" \/><\/span>\n        <\/div>\n        <div class=\"col-xl-6\">\n            <span class=\"wpcf7-form-control-wrap\" data-name=\"text-508\"><input size=\"40\" maxlength=\"400\" class=\"wpcf7-form-control wpcf7-text wpcf7-validates-as-required\" aria-required=\"true\" aria-invalid=\"false\" placeholder=\"lien portfolio \/ site web\" value=\"\" type=\"text\" name=\"text-508\" \/><\/span>\n        <\/div>\n        <div class=\"col-xl-6\">\n            <div class=\"upload-file pt-10 pb-10\">\n                <span class=\"chy-heading-1 title\">t\u00e9l\u00e9charger un CV<\/span>\n                <div class=\"upload-file-btn-wrap\">\n                    <span class=\"wpcf7-form-control-wrap\" data-name=\"file-782\"><input size=\"40\" class=\"wpcf7-form-control wpcf7-file wpcf7-validates-as-required\" accept=\".pdf,.doc,.docx,.jpg,.png\" aria-required=\"true\" aria-invalid=\"false\" type=\"file\" name=\"file-782\" \/><\/span>\n                <\/div>\n            <\/div>\n        <\/div>\n        <div class=\"col-xl-12\">\n            <span class=\"wpcf7-form-control-wrap\" data-name=\"textarea-986\"><textarea cols=\"40\" rows=\"10\" maxlength=\"2000\" class=\"wpcf7-form-control wpcf7-textarea wpcf7-validates-as-required\" aria-required=\"true\" aria-invalid=\"false\" placeholder=\"lettre de motivation\" name=\"textarea-986\"><\/textarea><\/span>\n        <\/div>\n        <div class=\"col-xl-12\">\n            <div class=\"btn-wrap\">\n                <button class=\"chy-pr-btn-1\" type=\"submit\" aria-label=\"jobs apply\" >\n                    <span class=\"text\">\n                        Soumettre\n                    <\/span>\n                    <span class=\"icon\">\n                        <i class=\"fa-solid fa-right-long\"><\/i>\n                    <\/span>\n                <\/button>\n            <\/div>\n        <\/div>\n    <\/div>\n<\/div><div class=\"wpcf7-response-output\" aria-hidden=\"true\"><\/div>\n<input type=\"hidden\" name=\"trp-form-language\" value=\"fr\"\/><\/form>\n<\/div>\n<\/div>\n\t\t\t\t\t\t<\/div>\n\t\t\t\t<\/div>\n\t\t\t\t\t<\/div>\n\t\t<\/div>\n\t\t\t\t\t<\/div>\n\t\t<\/section>\n\t\t\t\t\t<\/div>\n\t\t<\/div>\n\t\t\t\t\t<\/div>\n\t\t<\/section>\n\t\t\t\t<\/div>","protected":false},"excerpt":{"rendered":"<p>Apply For This Job We\u2019re always looking for passionate and talented individuals to grow with us. If you\u2019re driven, innovative, and ready to make an impact, we&#8217;d love to hear from you. Apply now and stand a chance to join our team.<\/p>","protected":false},"author":1,"featured_media":0,"parent":0,"menu_order":0,"comment_status":"closed","ping_status":"closed","template":"elementor_header_footer","meta":{"inline_featured_image":false,"footnotes":""},"class_list":["post-701","page","type-page","status-publish","hentry"],"_links":{"self":[{"href":"https:\/\/digitech-planet.com\/fr\/wp-json\/wp\/v2\/pages\/701","targetHints":{"allow":["GET"]}}],"collection":[{"href":"https:\/\/digitech-planet.com\/fr\/wp-json\/wp\/v2\/pages"}],"about":[{"href":"https:\/\/digitech-planet.com\/fr\/wp-json\/wp\/v2\/types\/page"}],"author":[{"embeddable":true,"href":"https:\/\/digitech-planet.com\/fr\/wp-json\/wp\/v2\/users\/1"}],"replies":[{"embeddable":true,"href":"https:\/\/digitech-planet.com\/fr\/wp-json\/wp\/v2\/comments?post=701"}],"version-history":[{"count":14,"href":"https:\/\/digitech-planet.com\/fr\/wp-json\/wp\/v2\/pages\/701\/revisions"}],"predecessor-version":[{"id":4737,"href":"https:\/\/digitech-planet.com\/fr\/wp-json\/wp\/v2\/pages\/701\/revisions\/4737"}],"wp:attachment":[{"href":"https:\/\/digitech-planet.com\/fr\/wp-json\/wp\/v2\/media?parent=701"}],"curies":[{"name":"wp","href":"https:\/\/api.w.org\/{rel}","templated":true}]}}