{"id":65,"date":"2023-12-23T18:36:44","date_gmt":"2023-12-23T18:36:44","guid":{"rendered":"https:\/\/themexriver.com\/wp\/choicy\/?page_id=65"},"modified":"2025-09-10T18:56:57","modified_gmt":"2025-09-10T18:56:57","slug":"contact-us","status":"publish","type":"page","link":"https:\/\/digitech-planet.com\/fr\/contact-us\/","title":{"rendered":"Contact"},"content":{"rendered":"<div data-elementor-type=\"wp-page\" data-elementor-id=\"65\" class=\"elementor elementor-65\">\n\t\t\t\t\t\t<section class=\"elementor-section elementor-top-section elementor-element elementor-element-5f56720 elementor-section-full_width fix elementor-section-height-default elementor-section-height-default\" data-id=\"5f56720\" data-element_type=\"section\" data-settings=\"{&quot;background_background&quot;:&quot;classic&quot;}\">\n\t\t\t\t\t\t<div class=\"elementor-container elementor-column-gap-default\">\n\t\t\t\t\t<div class=\"elementor-column elementor-col-100 elementor-top-column elementor-element elementor-element-0d9a75e\" data-id=\"0d9a75e\" data-element_type=\"column\">\n\t\t\t<div class=\"elementor-widget-wrap elementor-element-populated\">\n\t\t\t\t\t\t<section class=\"elementor-section elementor-inner-section elementor-element elementor-element-015a2ca elementor-section-boxed elementor-section-height-default elementor-section-height-default\" data-id=\"015a2ca\" data-element_type=\"section\">\n\t\t\t\t\t\t<div class=\"elementor-container elementor-column-gap-default\">\n\t\t\t\t\t<div class=\"elementor-column elementor-col-100 elementor-inner-column elementor-element elementor-element-b0ffd77\" data-id=\"b0ffd77\" data-element_type=\"column\">\n\t\t\t<div class=\"elementor-widget-wrap elementor-element-populated\">\n\t\t\t\t\t\t<div class=\"elementor-element elementor-element-5e559bd elementor-widget elementor-widget-tx_heading elh-el tx_heading\" data-id=\"5e559bd\" data-element_type=\"widget\" data-settings=\"{&quot;design_style&quot;:&quot;style_1&quot;}\" data-widget_type=\"tx_heading.default\">\n\t\t\t\t<div class=\"elementor-widget-container\">\n\t\t\t\t\t<div class=\"section-title-wrap text-center\">\r\n        <h5 class=\"chy-subtitle-1 tx-subTitle wow fadeInDown isShape\">\r\n        Nous contacter    <\/h5>\r\n    \r\n    <h2 class=\"tx-title chy-title-1 chy-split-text chy-split-in-right\">Enthousiasm\u00e9 par le projet ? <br>\nPlease Get In Touch.<\/h2>\r\n    <\/div>\t\t\t\t<\/div>\n\t\t\t\t<\/div>\n\t\t\t\t\t<\/div>\n\t\t<\/div>\n\t\t\t\t\t<\/div>\n\t\t<\/section>\n\t\t\t\t<section class=\"elementor-section elementor-inner-section elementor-element elementor-element-371f2a5 elementor-section-boxed elementor-section-height-default elementor-section-height-default\" data-id=\"371f2a5\" data-element_type=\"section\" data-settings=\"{&quot;background_background&quot;:&quot;slideshow&quot;,&quot;background_slideshow_gallery&quot;:[],&quot;background_slideshow_loop&quot;:&quot;yes&quot;,&quot;background_slideshow_slide_duration&quot;:5000,&quot;background_slideshow_slide_transition&quot;:&quot;fade&quot;,&quot;background_slideshow_transition_duration&quot;:500}\">\n\t\t\t\t\t\t<div class=\"elementor-container elementor-column-gap-default\">\n\t\t\t\t\t<div class=\"elementor-column elementor-col-50 elementor-inner-column elementor-element elementor-element-a67cf43\" data-id=\"a67cf43\" data-element_type=\"column\">\n\t\t\t<div class=\"elementor-widget-wrap elementor-element-populated\">\n\t\t\t\t\t\t<section class=\"elementor-section elementor-inner-section elementor-element elementor-element-d39a198 elementor-section-boxed elementor-section-height-default elementor-section-height-default\" data-id=\"d39a198\" data-element_type=\"section\" data-settings=\"{&quot;background_background&quot;:&quot;classic&quot;}\">\n\t\t\t\t\t\t<div class=\"elementor-container elementor-column-gap-default\">\n\t\t\t\t\t<div class=\"elementor-column elementor-col-100 elementor-inner-column elementor-element elementor-element-888927f\" data-id=\"888927f\" data-element_type=\"column\">\n\t\t\t<div class=\"elementor-widget-wrap elementor-element-populated\">\n\t\t\t\t\t\t<div class=\"elementor-element elementor-element-78e0008 elementor-widget elementor-widget-heading\" data-id=\"78e0008\" data-element_type=\"widget\" data-widget_type=\"heading.default\">\n\t\t\t\t<div class=\"elementor-widget-container\">\n\t\t\t\t\t<h2 class=\"elementor-heading-title elementor-size-default\">Contactez-moi<\/h2>\t\t\t\t<\/div>\n\t\t\t\t<\/div>\n\t\t\t\t<div class=\"elementor-element elementor-element-4ad639e elementor-widget elementor-widget-shortcode\" data-id=\"4ad639e\" data-element_type=\"widget\" data-widget_type=\"shortcode.default\">\n\t\t\t\t<div class=\"elementor-widget-container\">\n\t\t\t\t\t\t\t<div class=\"elementor-shortcode\">\n<div class=\"wpcf7 no-js\" id=\"wpcf7-f1149-o1\" lang=\"en-US\" dir=\"ltr\" data-wpcf7-id=\"1149\">\n<div class=\"screen-reader-response\"><p role=\"status\" aria-live=\"polite\" aria-atomic=\"true\"><\/p> <ul><\/ul><\/div>\n<form action=\"\/fr\/wp-json\/wp\/v2\/pages\/65#wpcf7-f1149-o1\" method=\"post\" class=\"wpcf7-form init\" aria-label=\"Contact form\" novalidate=\"novalidate\" data-status=\"init\" data-trp-original-action=\"\/fr\/wp-json\/wp\/v2\/pages\/65#wpcf7-f1149-o1\">\n<fieldset class=\"hidden-fields-container\"><input type=\"hidden\" name=\"_wpcf7\" value=\"1149\" \/><input type=\"hidden\" name=\"_wpcf7_version\" value=\"6.1.1\" \/><input type=\"hidden\" name=\"_wpcf7_locale\" value=\"en_US\" \/><input type=\"hidden\" name=\"_wpcf7_unit_tag\" value=\"wpcf7-f1149-o1\" \/><input type=\"hidden\" name=\"_wpcf7_container_post\" value=\"0\" \/><input type=\"hidden\" name=\"_wpcf7_posted_data_hash\" value=\"\" \/>\n<\/fieldset>\n<div class=\"contact-form-2\">\n    <div class=\"item 1\">\n        <label for=\"name\">Full name<span>*<\/span><\/label>\n        <span class=\"wpcf7-form-control-wrap\" data-name=\"text-505\"><input size=\"40\" maxlength=\"400\" class=\"wpcf7-form-control wpcf7-text wpcf7-validates-as-required\" aria-required=\"true\" aria-invalid=\"false\" placeholder=\"Full name\" value=\"\" type=\"text\" name=\"text-505\" \/><\/span>\n    <\/div>\n\n    <div class=\"item2\">\n        <label for=\"name\">num\u00e9ro de t\u00e9l\u00e9phone<span>*<\/span><\/label>\n        <span class=\"wpcf7-form-control-wrap\" data-name=\"tel-560\"><input size=\"40\" maxlength=\"400\" class=\"wpcf7-form-control wpcf7-tel wpcf7-validates-as-required wpcf7-text wpcf7-validates-as-tel\" aria-required=\"true\" aria-invalid=\"false\" placeholder=\"num\u00e9ro de t\u00e9l\u00e9phone\" value=\"\" type=\"tel\" name=\"tel-560\" \/><\/span>\n    <\/div>\n\n    <div class=\"item3\">\n        <label for=\"name\">Adresse Email<span>*<\/span><\/label>\n        <span class=\"wpcf7-form-control-wrap\" data-name=\"email-789\"><input size=\"40\" maxlength=\"400\" class=\"wpcf7-form-control wpcf7-email wpcf7-validates-as-required wpcf7-text wpcf7-validates-as-email\" aria-required=\"true\" aria-invalid=\"false\" placeholder=\"Adresse Email\" value=\"\" type=\"email\" name=\"email-789\" \/><\/span>\n    <\/div>\n  \n    <div class=\"item5\">\n        <label for=\"name\">message<span>*<\/span><\/label>\n        <span class=\"wpcf7-form-control-wrap\" data-name=\"textarea-986\"><textarea cols=\"40\" rows=\"10\" maxlength=\"2000\" class=\"wpcf7-form-control wpcf7-textarea wpcf7-validates-as-required\" aria-required=\"true\" aria-invalid=\"false\" placeholder=\"Saisissez votre message\" name=\"textarea-986\"><\/textarea><\/span>\n    <\/div>\n\n    <div class=\"btn-wrap item6\">\n        <button type=\"submit\" aria-label=\"contact form\" class=\"chy-pr-btn-1\">\n            <span class=\"text\">\n                envoyer un message\n            <\/span>\n            <span class=\"icon\">\n                <i class=\"fa-solid fa-right-long\"><\/i>\n            <\/span>\n        <\/button>\n    <\/div>\n<\/div><div class=\"wpcf7-response-output\" aria-hidden=\"true\"><\/div>\n<input type=\"hidden\" name=\"trp-form-language\" value=\"fr\"\/><\/form>\n<\/div>\n<\/div>\n\t\t\t\t\t\t<\/div>\n\t\t\t\t<\/div>\n\t\t\t\t\t<\/div>\n\t\t<\/div>\n\t\t\t\t\t<\/div>\n\t\t<\/section>\n\t\t\t\t\t<\/div>\n\t\t<\/div>\n\t\t\t\t<div class=\"elementor-column elementor-col-50 elementor-inner-column elementor-element elementor-element-77faff8\" data-id=\"77faff8\" data-element_type=\"column\">\n\t\t\t<div class=\"elementor-widget-wrap elementor-element-populated\">\n\t\t\t\t\t\t<section class=\"elementor-section elementor-inner-section elementor-element elementor-element-cb553a5 elementor-section-boxed elementor-section-height-default elementor-section-height-default\" data-id=\"cb553a5\" data-element_type=\"section\">\n\t\t\t\t\t\t<div class=\"elementor-container elementor-column-gap-default\">\n\t\t\t\t\t<div class=\"elementor-column elementor-col-100 elementor-inner-column elementor-element elementor-element-d99c162\" data-id=\"d99c162\" data-element_type=\"column\">\n\t\t\t<div class=\"elementor-widget-wrap elementor-element-populated\">\n\t\t\t\t\t\t<div class=\"elementor-element elementor-element-ebabb4d elementor-widget elementor-widget-google_maps\" data-id=\"ebabb4d\" data-element_type=\"widget\" data-widget_type=\"google_maps.default\">\n\t\t\t\t<div class=\"elementor-widget-container\">\n\t\t\t\t\t\t\t<div class=\"elementor-custom-embed\">\n\t\t\t<iframe loading=\"lazy\"\n\t\t\t\t\tsrc=\"https:\/\/maps.google.com\/maps?q=Douala&#038;t=m&#038;z=14&#038;output=embed&#038;iwloc=near\"\n\t\t\t\t\ttitle=\"Douala\"\n\t\t\t\t\taria-label=\"Douala\"\n\t\t\t><\/iframe>\n\t\t<\/div>\n\t\t\t\t\t\t<\/div>\n\t\t\t\t<\/div>\n\t\t\t\t\t<\/div>\n\t\t<\/div>\n\t\t\t\t\t<\/div>\n\t\t<\/section>\n\t\t\t\t<section class=\"elementor-section elementor-inner-section elementor-element elementor-element-2c2ab74 elementor-section-boxed elementor-section-height-default elementor-section-height-default\" data-id=\"2c2ab74\" data-element_type=\"section\">\n\t\t\t\t\t\t<div class=\"elementor-container elementor-column-gap-default\">\n\t\t\t\t\t<div class=\"elementor-column elementor-col-100 elementor-inner-column elementor-element elementor-element-42c1fa1\" data-id=\"42c1fa1\" data-element_type=\"column\">\n\t\t\t<div class=\"elementor-widget-wrap elementor-element-populated\">\n\t\t\t\t\t\t<div class=\"elementor-element elementor-element-f15a8d3 elementor-widget elementor-widget-tx_contact_info elh-el tx_contact_info\" data-id=\"f15a8d3\" data-element_type=\"widget\" data-settings=\"{&quot;design_style&quot;:&quot;style_1&quot;}\" data-widget_type=\"tx_contact_info.default\">\n\t\t\t\t<div class=\"elementor-widget-container\">\n\t\t\t\t\t<div class=\"border-left has-border\">\r\n    <div class=\"contact-page-contact-list mb-50\">\r\n                <div class=\"item\">\r\n                        <div class=\"icon\">\r\n                <i aria-hidden=\"true\" class=\"fas fa-map-marker-alt\"><\/i>            <\/div>\r\n                        <div class=\"content-wrap\">\r\n                                <h4 class=\"chy-heading-1 title\">Addresse<\/h4>\r\n                \r\n                <p>Douala<\/p>            <\/div>\r\n        <\/div>\r\n                <div class=\"item\">\r\n                        <div class=\"icon\">\r\n                <i aria-hidden=\"true\" class=\"fal fa-phone\"><\/i>            <\/div>\r\n                        <div class=\"content-wrap\">\r\n                                <h4 class=\"chy-heading-1 title\">Num\u00e9ro de t\u00e9l\u00e9phone<\/h4>\r\n                \r\n                <p>+237 000 000 000<\/p>            <\/div>\r\n        <\/div>\r\n                <div class=\"item\">\r\n                        <div class=\"icon\">\r\n                <i aria-hidden=\"true\" class=\"fas fa-envelope\"><\/i>            <\/div>\r\n                        <div class=\"content-wrap\">\r\n                                <h4 class=\"chy-heading-1 title\">Addresse Email<\/h4>\r\n                \r\n                <p>Digitalhub@Support.Com<\/p>            <\/div>\r\n        <\/div>\r\n            <\/div>\r\n\r\n        <ul class=\"contact-page-social-link list-unstyled\">\r\n                <li>\r\n            <a\r\n            href=\"https:\/\/www.undp.org\/facebook-redirect\"\r\n            target=\"_self\"\r\n            rel=\"\"\r\n            >\r\n                                <span class=\"icon\">\r\n                                            <i aria-hidden=\"true\" class=\"fab fa-facebook-f\"><\/i>                                    <\/span>\r\n                            <\/a>\r\n        <\/li>\r\n                <li>\r\n            <a\r\n            href=\"https:\/\/www.undp.org\/twitter-redirect\"\r\n            target=\"_self\"\r\n            rel=\"\"\r\n            >\r\n                                <span class=\"icon\">\r\n                                            <i aria-hidden=\"true\" class=\"flaticon-twitter\"><\/i>                                    <\/span>\r\n                            <\/a>\r\n        <\/li>\r\n                <li>\r\n            <a\r\n            href=\"https:\/\/www.youtube.com\/UNDP\/\"\r\n            target=\"_self\"\r\n            rel=\"\"\r\n            >\r\n                                <span class=\"icon\">\r\n                                            <i aria-hidden=\"true\" class=\"fab fa-youtube\"><\/i>                                    <\/span>\r\n                            <\/a>\r\n        <\/li>\r\n                <li>\r\n            <a\r\n            href=\"https:\/\/www.linkedin.com\/company\/undp\/\"\r\n            target=\"_self\"\r\n            rel=\"\"\r\n            >\r\n                                <span class=\"icon\">\r\n                                            <i aria-hidden=\"true\" class=\"fab fa-linkedin-in\"><\/i>                                    <\/span>\r\n                            <\/a>\r\n        <\/li>\r\n                <li>\r\n            <a\r\n            href=\"https:\/\/www.instagram.com\/UNDP\/\"\r\n            target=\"_self\"\r\n            rel=\"\"\r\n            >\r\n                                <span class=\"icon\">\r\n                                            <i aria-hidden=\"true\" class=\"fab fa-instagram\"><\/i>                                    <\/span>\r\n                            <\/a>\r\n        <\/li>\r\n            <\/ul>\r\n    <\/div>\t\t\t\t<\/div>\n\t\t\t\t<\/div>\n\t\t\t\t\t<\/div>\n\t\t<\/div>\n\t\t\t\t\t<\/div>\n\t\t<\/section>\n\t\t\t\t\t<\/div>\n\t\t<\/div>\n\t\t\t\t\t<\/div>\n\t\t<\/section>\n\t\t\t\t\t<\/div>\n\t\t<\/div>\n\t\t\t\t\t<\/div>\n\t\t<\/section>\n\t\t\t\t<\/div>","protected":false},"excerpt":{"rendered":"<p>CONTACT US Excited About The Project? Please Get In Touch. Contact Me Address Douala Phone Number +237 000 000 000 Email Address Digitalhub@Support.Com<\/p>","protected":false},"author":1,"featured_media":0,"parent":0,"menu_order":0,"comment_status":"closed","ping_status":"closed","template":"elementor_header_footer","meta":{"inline_featured_image":false,"footnotes":""},"class_list":["post-65","page","type-page","status-publish","hentry"],"_links":{"self":[{"href":"https:\/\/digitech-planet.com\/fr\/wp-json\/wp\/v2\/pages\/65","targetHints":{"allow":["GET"]}}],"collection":[{"href":"https:\/\/digitech-planet.com\/fr\/wp-json\/wp\/v2\/pages"}],"about":[{"href":"https:\/\/digitech-planet.com\/fr\/wp-json\/wp\/v2\/types\/page"}],"author":[{"embeddable":true,"href":"https:\/\/digitech-planet.com\/fr\/wp-json\/wp\/v2\/users\/1"}],"replies":[{"embeddable":true,"href":"https:\/\/digitech-planet.com\/fr\/wp-json\/wp\/v2\/comments?post=65"}],"version-history":[{"count":30,"href":"https:\/\/digitech-planet.com\/fr\/wp-json\/wp\/v2\/pages\/65\/revisions"}],"predecessor-version":[{"id":4714,"href":"https:\/\/digitech-planet.com\/fr\/wp-json\/wp\/v2\/pages\/65\/revisions\/4714"}],"wp:attachment":[{"href":"https:\/\/digitech-planet.com\/fr\/wp-json\/wp\/v2\/media?parent=65"}],"curies":[{"name":"wp","href":"https:\/\/api.w.org\/{rel}","templated":true}]}}