{"id":4316,"date":"2025-08-28T15:21:38","date_gmt":"2025-08-28T15:21:38","guid":{"rendered":"https:\/\/digitech-planet.com\/?page_id=4316"},"modified":"2025-08-29T10:11:18","modified_gmt":"2025-08-29T10:11:18","slug":"timbuktoo","status":"publish","type":"page","link":"https:\/\/digitech-planet.com\/fr\/timbuktoo\/","title":{"rendered":""},"content":{"rendered":"<div data-elementor-type=\"wp-page\" data-elementor-id=\"4316\" class=\"elementor elementor-4316\">\n\t\t\t\t\t\t<section class=\"elementor-section elementor-top-section elementor-element elementor-element-85ec2d6 elementor-section-content-bottom fix elementor-section-boxed elementor-section-height-default elementor-section-height-default\" data-id=\"85ec2d6\" data-element_type=\"section\">\n\t\t\t\t\t\t<div class=\"elementor-container elementor-column-gap-default\">\n\t\t\t\t\t<div class=\"elementor-column elementor-col-100 elementor-top-column elementor-element elementor-element-affa57e\" data-id=\"affa57e\" data-element_type=\"column\">\n\t\t\t<div class=\"elementor-widget-wrap elementor-element-populated\">\n\t\t\t\t\t\t<section class=\"elementor-section elementor-inner-section elementor-element elementor-element-9986016 elementor-section-boxed elementor-section-height-default elementor-section-height-default\" data-id=\"9986016\" data-element_type=\"section\">\n\t\t\t\t\t\t<div class=\"elementor-container elementor-column-gap-default\">\n\t\t\t\t\t<div class=\"elementor-column elementor-col-100 elementor-inner-column elementor-element elementor-element-a4481d2\" data-id=\"a4481d2\" data-element_type=\"column\">\n\t\t\t<div class=\"elementor-widget-wrap elementor-element-populated\">\n\t\t\t\t\t\t<div class=\"elementor-element elementor-element-3fa79c0 elementor-widget elementor-widget-tx_heading elh-el tx_heading\" data-id=\"3fa79c0\" data-element_type=\"widget\" data-settings=\"{&quot;design_style&quot;:&quot;style_2&quot;}\" data-widget_type=\"tx_heading.default\">\n\t\t\t\t<div class=\"elementor-widget-container\">\n\t\t\t\t\t<div class=\"section-title-wrap text-left\">\r\n        <h5 class=\"chy-subtitle-2 tx-subTitle wow  isShape\">\r\n        \r\n        Timbuktoo    <\/h5>\r\n    \r\n    <h2 class=\"tx-title chy-title-2 chy-split-text\">Le moteur de l'innovation en Afrique<\/h2>\r\n        <p class=\"tx-description chy-para-2 wow\">\r\n        Timbuktoo est la plus grande initiative de startups d'Afrique. Elle soutient les jeunes entrepreneurs et les startups en phase de d\u00e9marrage en utilisant la technologie pour r\u00e9soudre des probl\u00e8mes concrets. Soutenue par le PNUD, elle construit un \u00e9cosyst\u00e8me connect\u00e9 pour cr\u00e9er des emplois et favoriser le d\u00e9veloppement durable en Afrique.    <\/p>\r\n    <\/div>\t\t\t\t<\/div>\n\t\t\t\t<\/div>\n\t\t\t\t\t<\/div>\n\t\t<\/div>\n\t\t\t\t\t<\/div>\n\t\t<\/section>\n\t\t\t\t\t<\/div>\n\t\t<\/div>\n\t\t\t\t\t<\/div>\n\t\t<\/section>\n\t\t\t\t<section class=\"elementor-section elementor-top-section elementor-element elementor-element-227f5a4 elementor-section-content-bottom fix elementor-section-boxed elementor-section-height-default elementor-section-height-default\" data-id=\"227f5a4\" data-element_type=\"section\" data-settings=\"{&quot;background_background&quot;:&quot;classic&quot;}\">\n\t\t\t\t\t\t<div class=\"elementor-container elementor-column-gap-default\">\n\t\t\t\t\t<div class=\"elementor-column elementor-col-100 elementor-top-column elementor-element elementor-element-2d52cc6\" data-id=\"2d52cc6\" data-element_type=\"column\">\n\t\t\t<div class=\"elementor-widget-wrap elementor-element-populated\">\n\t\t\t\t\t\t<section class=\"elementor-section elementor-inner-section elementor-element elementor-element-5a94f8a elementor-section-boxed elementor-section-height-default elementor-section-height-default\" data-id=\"5a94f8a\" data-element_type=\"section\">\n\t\t\t\t\t\t<div class=\"elementor-container elementor-column-gap-default\">\n\t\t\t\t\t<div class=\"elementor-column elementor-col-100 elementor-inner-column elementor-element elementor-element-d75e694\" data-id=\"d75e694\" data-element_type=\"column\">\n\t\t\t<div class=\"elementor-widget-wrap elementor-element-populated\">\n\t\t\t\t\t\t<div class=\"elementor-element elementor-element-6bbe1bc elementor-widget elementor-widget-tx_heading elh-el tx_heading\" data-id=\"6bbe1bc\" data-element_type=\"widget\" data-settings=\"{&quot;design_style&quot;:&quot;style_2&quot;}\" data-widget_type=\"tx_heading.default\">\n\t\t\t\t<div class=\"elementor-widget-container\">\n\t\t\t\t\t<div class=\"section-title-wrap text-left\">\r\n    \r\n    <h2 class=\"tx-title chy-title-2 chy-split-text\">Domaines d'int\u00e9r\u00eat de Timbuktoo<\/h2>\r\n        <p class=\"tx-description chy-para-2 wow\">\r\n            <\/p>\r\n    <\/div>\t\t\t\t<\/div>\n\t\t\t\t<\/div>\n\t\t\t\t\t<\/div>\n\t\t<\/div>\n\t\t\t\t\t<\/div>\n\t\t<\/section>\n\t\t\t\t\t<\/div>\n\t\t<\/div>\n\t\t\t\t\t<\/div>\n\t\t<\/section>\n\t\t\t\t<section class=\"elementor-section elementor-top-section elementor-element elementor-element-09dbb96 elementor-section-content-bottom fix elementor-section-boxed elementor-section-height-default elementor-section-height-default\" data-id=\"09dbb96\" data-element_type=\"section\" data-settings=\"{&quot;background_background&quot;:&quot;classic&quot;}\">\n\t\t\t\t\t\t<div class=\"elementor-container elementor-column-gap-default\">\n\t\t\t\t\t<div class=\"elementor-column elementor-col-50 elementor-top-column elementor-element elementor-element-e9df266\" data-id=\"e9df266\" data-element_type=\"column\">\n\t\t\t<div class=\"elementor-widget-wrap elementor-element-populated\">\n\t\t\t\t\t\t<section class=\"elementor-section elementor-inner-section elementor-element elementor-element-d1fbc86 elementor-section-boxed elementor-section-height-default elementor-section-height-default\" data-id=\"d1fbc86\" data-element_type=\"section\">\n\t\t\t\t\t\t<div class=\"elementor-container elementor-column-gap-default\">\n\t\t\t\t\t<div class=\"elementor-column elementor-col-100 elementor-inner-column elementor-element elementor-element-243baa3\" data-id=\"243baa3\" data-element_type=\"column\">\n\t\t\t<div class=\"elementor-widget-wrap elementor-element-populated\">\n\t\t\t\t\t\t<div class=\"elementor-element elementor-element-f3eafe0 elementor-widget elementor-widget-tx_heading elh-el tx_heading\" data-id=\"f3eafe0\" data-element_type=\"widget\" data-settings=\"{&quot;design_style&quot;:&quot;style_2&quot;}\" data-widget_type=\"tx_heading.default\">\n\t\t\t\t<div class=\"elementor-widget-container\">\n\t\t\t\t\t<div class=\"section-title-wrap text-left\">\r\n    \r\n    \r\n        <p class=\"tx-description chy-para-2 wow\">\r\n        Timbuktoo cible les secteurs \u00e0 fort impact qui fa\u00e7onnent l\u2019avenir de l\u2019Afrique :    <\/p>\r\n    <\/div>\t\t\t\t<\/div>\n\t\t\t\t<\/div>\n\t\t\t\t\t<\/div>\n\t\t<\/div>\n\t\t\t\t\t<\/div>\n\t\t<\/section>\n\t\t\t\t<section class=\"elementor-section elementor-inner-section elementor-element elementor-element-9281668 elementor-section-boxed elementor-section-height-default elementor-section-height-default\" data-id=\"9281668\" data-element_type=\"section\">\n\t\t\t\t\t\t<div class=\"elementor-container elementor-column-gap-default\">\n\t\t\t\t\t<div class=\"elementor-column elementor-col-100 elementor-inner-column elementor-element elementor-element-18383ef\" data-id=\"18383ef\" data-element_type=\"column\">\n\t\t\t<div class=\"elementor-widget-wrap elementor-element-populated\">\n\t\t\t\t\t\t<div class=\"elementor-element elementor-element-63f49dd elementor-widget elementor-widget-tx_link_lists elh-el tx_link_lists\" data-id=\"63f49dd\" data-element_type=\"widget\" data-settings=\"{&quot;design_style&quot;:&quot;style_2&quot;}\" data-widget_type=\"tx_link_lists.default\">\n\t\t\t\t<div class=\"elementor-widget-container\">\n\t\t\t\t\t<ul class=\"chy-research-2-list tx-listItems list-unstyled\">\r\n        <li class=\"chy-heading-1\">\r\n                                    <i aria-hidden=\"true\" class=\"fas fa-check-circle\"><\/i>                    \r\n                    Technologie Agricole            <\/li>\r\n        <li class=\"chy-heading-1\">\r\n                                    <i aria-hidden=\"true\" class=\"fas fa-check-circle\"><\/i>                    \r\n                    Technologie Financi\u00e8re            <\/li>\r\n        <li class=\"chy-heading-1\">\r\n                                    <i aria-hidden=\"true\" class=\"fas fa-check-circle\"><\/i>                    \r\n                    Technologie \u00e9ducative            <\/li>\r\n        <li class=\"chy-heading-1\">\r\n                                    <i aria-hidden=\"true\" class=\"fas fa-check-circle\"><\/i>                    \r\n                <a href=\"#\" target=\"_self\" rel=\"\">\r\n            Technologie de la sant\u00e9        <\/a>\r\n            <\/li>\r\n        <li class=\"chy-heading-1\">\r\n                                    <i aria-hidden=\"true\" class=\"fas fa-check-circle\"><\/i>                    \r\n                <a href=\"#\" target=\"_self\" rel=\"\">\r\n            Technologie verte et climatique        <\/a>\r\n            <\/li>\r\n        <li class=\"chy-heading-1\">\r\n                                    <i aria-hidden=\"true\" class=\"fas fa-check-circle\"><\/i>                    \r\n                <a href=\"#\" target=\"_self\" rel=\"\">\r\n            Creative Industries        <\/a>\r\n            <\/li>\r\n        <li class=\"chy-heading-1\">\r\n                                    <i aria-hidden=\"true\" class=\"fas fa-check-circle\"><\/i>                    \r\n                <a href=\"#\" target=\"_self\" rel=\"\">\r\n            Mobility &amp; Logistics        <\/a>\r\n            <\/li>\r\n    <\/ul>\t\t\t\t<\/div>\n\t\t\t\t<\/div>\n\t\t\t\t\t<\/div>\n\t\t<\/div>\n\t\t\t\t\t<\/div>\n\t\t<\/section>\n\t\t\t\t\t<\/div>\n\t\t<\/div>\n\t\t\t\t<div class=\"elementor-column elementor-col-50 elementor-top-column elementor-element elementor-element-12f3acd\" data-id=\"12f3acd\" data-element_type=\"column\">\n\t\t\t<div class=\"elementor-widget-wrap elementor-element-populated\">\n\t\t\t\t\t\t<div class=\"elementor-element elementor-element-fa11ef1 elementor-widget__width-inherit elementor-widget elementor-widget-tx_image_box elh-el tx_image_box\" data-id=\"fa11ef1\" data-element_type=\"widget\" data-settings=\"{&quot;design_style&quot;:&quot;style_3&quot;,&quot;image_1&quot;:{&quot;url&quot;:&quot;https:\\\/\\\/digitech-planet.com\\\/wp-content\\\/uploads\\\/2025\\\/05\\\/472719393_122178322766250021_7076801167168425368_n.jpg&quot;,&quot;id&quot;:3492,&quot;size&quot;:&quot;&quot;,&quot;alt&quot;:&quot;&quot;,&quot;source&quot;:&quot;library&quot;},&quot;image_2&quot;:{&quot;url&quot;:&quot;https:\\\/\\\/digitech-planet.com\\\/wp-content\\\/uploads\\\/2024\\\/01\\\/r2-img-icon.webp&quot;,&quot;id&quot;:408,&quot;size&quot;:&quot;&quot;,&quot;alt&quot;:&quot;&quot;,&quot;source&quot;:&quot;library&quot;},&quot;enable_feature_lists&quot;:&quot;yes&quot;}\" data-widget_type=\"tx_image_box.default\">\n\t\t\t\t<div class=\"elementor-widget-container\">\n\t\t\t\t\t<div class=\"chy-research-2-img\">\r\n        <div class=\"main-img asslideupcta d-block fix\">\r\n        <img decoding=\"async\" src=\"https:\/\/digitech-planet.com\/wp-content\/uploads\/2025\/05\/472719393_122178322766250021_7076801167168425368_n.jpg\" class=\"d-block\" alt=\"\">\r\n    <\/div>\r\n    \r\n        <img decoding=\"async\" class=\"img-icon chy-zoomout3\" src=\"https:\/\/digitech-planet.com\/wp-content\/uploads\/2024\/01\/r2-img-icon.webp\" alt=\"\">\r\n    <\/div>\t\t\t\t<\/div>\n\t\t\t\t<\/div>\n\t\t\t\t\t<\/div>\n\t\t<\/div>\n\t\t\t\t\t<\/div>\n\t\t<\/section>\n\t\t<div class=\"elementor-element elementor-element-b1b61d4 e-con-full e-flex e-con e-parent\" data-id=\"b1b61d4\" data-element_type=\"container\">\n\t\t\t\t<div class=\"elementor-element elementor-element-5910820 elementor-widget elementor-widget-tx_button elh-el tx_button\" data-id=\"5910820\" data-element_type=\"widget\" data-settings=\"{&quot;design_style&quot;:&quot;style_1&quot;}\" data-widget_type=\"tx_button.default\">\n\t\t\t\t<div class=\"elementor-widget-container\">\n\t\t\t\t\t<div class=\"btn-wrapper fullWidth text-left\">\r\n    <a class=\"chy-pr-btn-1 tx-button none\"\r\n    href=\"https:\/\/www.undp.org\/africa\/projects\/timbuktoo\"\r\n    target=\"_self\"\r\n    rel=\"\">\r\n        <span class=\"text\">\r\n            Explorer davantage        <\/span>\r\n        <span class=\"icon\">\r\n            <i aria-hidden=\"true\" class=\"fas fa-check\"><\/i>        <\/span>\r\n    <\/a>\r\n<\/div>\r\n\t\t\t\t<\/div>\n\t\t\t\t<\/div>\n\t\t\t\t<\/div>\n\t\t\t\t<\/div>","protected":false},"excerpt":{"rendered":"<p>Timbuktoo Africa\u2019s Innovation Engine Timbuktoo is Africa&#8217;s biggest startup initiative, that supports young entrepreneurs and early-stage startups using technology to solve real problems. Backed by UNDP, it builds a connected ecosystem to create jobs and drive sustainable development across Afica Timbuktoo focus areas Timbuktoo targets high-impact sectors shaping Africa\u2019s future: AgriTech FinTech EdTech HealthTech Green [&hellip;]<\/p>","protected":false},"author":1,"featured_media":0,"parent":0,"menu_order":0,"comment_status":"closed","ping_status":"closed","template":"elementor_header_footer","meta":{"inline_featured_image":false,"footnotes":""},"class_list":["post-4316","page","type-page","status-publish","hentry"],"_links":{"self":[{"href":"https:\/\/digitech-planet.com\/fr\/wp-json\/wp\/v2\/pages\/4316","targetHints":{"allow":["GET"]}}],"collection":[{"href":"https:\/\/digitech-planet.com\/fr\/wp-json\/wp\/v2\/pages"}],"about":[{"href":"https:\/\/digitech-planet.com\/fr\/wp-json\/wp\/v2\/types\/page"}],"author":[{"embeddable":true,"href":"https:\/\/digitech-planet.com\/fr\/wp-json\/wp\/v2\/users\/1"}],"replies":[{"embeddable":true,"href":"https:\/\/digitech-planet.com\/fr\/wp-json\/wp\/v2\/comments?post=4316"}],"version-history":[{"count":15,"href":"https:\/\/digitech-planet.com\/fr\/wp-json\/wp\/v2\/pages\/4316\/revisions"}],"predecessor-version":[{"id":4388,"href":"https:\/\/digitech-planet.com\/fr\/wp-json\/wp\/v2\/pages\/4316\/revisions\/4388"}],"wp:attachment":[{"href":"https:\/\/digitech-planet.com\/fr\/wp-json\/wp\/v2\/media?parent=4316"}],"curies":[{"name":"wp","href":"https:\/\/api.w.org\/{rel}","templated":true}]}}