{"id":3079,"date":"2025-02-18T11:14:57","date_gmt":"2025-02-18T11:14:57","guid":{"rendered":"https:\/\/digitech-planet.com\/?page_id=3079"},"modified":"2025-09-12T10:58:09","modified_gmt":"2025-09-12T10:58:09","slug":"auditorium","status":"publish","type":"page","link":"https:\/\/digitech-planet.com\/fr\/auditorium\/","title":{"rendered":"Salle de conf\u00e9rence"},"content":{"rendered":"<div data-elementor-type=\"wp-page\" data-elementor-id=\"3079\" class=\"elementor elementor-3079\">\n\t\t\t\t\t\t<section class=\"elementor-section elementor-top-section elementor-element elementor-element-81e6c83 elementor-section-content-bottom fix elementor-section-boxed elementor-section-height-default elementor-section-height-default\" data-id=\"81e6c83\" data-element_type=\"section\">\n\t\t\t\t\t\t<div class=\"elementor-container elementor-column-gap-default\">\n\t\t\t\t\t<div class=\"elementor-column elementor-col-50 elementor-top-column elementor-element elementor-element-b47a33a\" data-id=\"b47a33a\" data-element_type=\"column\">\n\t\t\t<div class=\"elementor-widget-wrap elementor-element-populated\">\n\t\t\t\t\t\t<div class=\"elementor-element elementor-element-383b161 elementor-widget__width-initial elementor-widget elementor-widget-tx_image_box elh-el tx_image_box\" data-id=\"383b161\" data-element_type=\"widget\" data-settings=\"{&quot;design_style&quot;:&quot;style_2&quot;,&quot;image_1&quot;:{&quot;url&quot;:&quot;http:\\\/\\\/undpdigitalhub.sms-clan.com\\\/wp-content\\\/uploads\\\/2025\\\/02\\\/Screen-Shot-2025-02-18-at-12.12.02.png&quot;,&quot;id&quot;:3080,&quot;size&quot;:&quot;&quot;,&quot;alt&quot;:&quot;&quot;,&quot;source&quot;:&quot;library&quot;},&quot;image_2&quot;:{&quot;url&quot;:&quot;&quot;,&quot;id&quot;:&quot;&quot;,&quot;size&quot;:&quot;&quot;,&quot;alt&quot;:&quot;&quot;,&quot;source&quot;:&quot;library&quot;},&quot;image_3&quot;:{&quot;url&quot;:&quot;&quot;,&quot;id&quot;:&quot;&quot;,&quot;size&quot;:&quot;&quot;,&quot;alt&quot;:&quot;&quot;,&quot;source&quot;:&quot;library&quot;},&quot;image_4&quot;:{&quot;url&quot;:&quot;https:\\\/\\\/undpdigitalhub.sms-clan.com\\\/wp-content\\\/uploads\\\/2024\\\/01\\\/a1-il-3.webp&quot;,&quot;id&quot;:343,&quot;size&quot;:&quot;&quot;,&quot;alt&quot;:&quot;&quot;,&quot;source&quot;:&quot;library&quot;},&quot;enable_feature_lists&quot;:&quot;yes&quot;}\" data-widget_type=\"tx_image_box.default\">\n\t\t\t\t<div class=\"elementor-widget-container\">\n\t\t\t\t\t\r\n\r\n<div class=\"chy-about-2-img chy-class-add\">\r\n    <div class=\"main-img\">\r\n                <img decoding=\"async\" src=\"http:\/\/undpdigitalhub.sms-clan.com\/wp-content\/uploads\/2025\/02\/Screen-Shot-2025-02-18-at-12.12.02.png\" alt=\"\" \/>\r\n            <\/div>\r\n\r\n    \r\n    \r\n        <img decoding=\"async\" src=\"https:\/\/undpdigitalhub.sms-clan.com\/wp-content\/uploads\/2024\/01\/a1-il-3.webp\" alt=\"\" class=\"il-img-3 wow zoomIn\">\r\n    <\/div>\t\t\t\t<\/div>\n\t\t\t\t<\/div>\n\t\t\t\t\t<\/div>\n\t\t<\/div>\n\t\t\t\t<div class=\"elementor-column elementor-col-50 elementor-top-column elementor-element elementor-element-5f736ba\" data-id=\"5f736ba\" data-element_type=\"column\">\n\t\t\t<div class=\"elementor-widget-wrap elementor-element-populated\">\n\t\t\t\t\t\t<section class=\"elementor-section elementor-inner-section elementor-element elementor-element-aa141f9 elementor-section-boxed elementor-section-height-default elementor-section-height-default\" data-id=\"aa141f9\" data-element_type=\"section\">\n\t\t\t\t\t\t<div class=\"elementor-container elementor-column-gap-default\">\n\t\t\t\t\t<div class=\"elementor-column elementor-col-100 elementor-inner-column elementor-element elementor-element-36e3fd8\" data-id=\"36e3fd8\" data-element_type=\"column\">\n\t\t\t<div class=\"elementor-widget-wrap elementor-element-populated\">\n\t\t\t\t\t\t<div class=\"elementor-element elementor-element-51c6eb9 elementor-widget elementor-widget-tx_heading elh-el tx_heading\" data-id=\"51c6eb9\" data-element_type=\"widget\" data-settings=\"{&quot;design_style&quot;:&quot;style_2&quot;}\" data-widget_type=\"tx_heading.default\">\n\t\t\t\t<div class=\"elementor-widget-container\">\n\t\t\t\t\t<div class=\"section-title-wrap text-left\">\r\n        <h5 class=\"chy-subtitle-2 tx-subTitle wow  isShape\">\r\n        \r\n        Salle de conf\u00e9rence    <\/h5>\r\n    \r\n    <h2 class=\"tx-title chy-title-2 chy-split-text\">\u00c9ducation et mentorat<\/h2>\r\n        <p class=\"tx-description chy-para-2 wow\">\r\n        Nos salles de r\u00e9union disposent des derni\u00e8res technologies telles que Teams, Google Meet et d'autres outils pour des r\u00e9unions virtuelles et une collaboration fluides.    <\/p>\r\n    <\/div>\t\t\t\t<\/div>\n\t\t\t\t<\/div>\n\t\t\t\t\t<\/div>\n\t\t<\/div>\n\t\t\t\t\t<\/div>\n\t\t<\/section>\n\t\t\t\t<section class=\"elementor-section elementor-inner-section elementor-element elementor-element-0bf1ead elementor-section-boxed elementor-section-height-default elementor-section-height-default\" data-id=\"0bf1ead\" data-element_type=\"section\">\n\t\t\t\t\t\t<div class=\"elementor-container elementor-column-gap-default\">\n\t\t\t\t\t<div class=\"elementor-column elementor-col-100 elementor-inner-column elementor-element elementor-element-c798093\" data-id=\"c798093\" data-element_type=\"column\">\n\t\t\t<div class=\"elementor-widget-wrap elementor-element-populated\">\n\t\t\t\t\t\t<div class=\"elementor-element elementor-element-16f75ab elementor-widget elementor-widget-tx_link_lists elh-el tx_link_lists\" data-id=\"16f75ab\" data-element_type=\"widget\" data-settings=\"{&quot;design_style&quot;:&quot;style_8&quot;}\" data-widget_type=\"tx_link_lists.default\">\n\t\t\t\t<div class=\"elementor-widget-container\">\n\t\t\t\t\t<ul class=\"sidebar-download list-unstyled tx-listItems\">\r\n        <li class=\"wow fadeInUp\">\r\n                    <span class=\"icon-1\" >\r\n                                                            <i aria-hidden=\"true\" class=\"fas fa-business-time\"><\/i>                                                <\/span>\r\n            <span class=\"text-wrap\">\r\n                                <span class=\"title\">G\u00e9n\u00e9rateur de quiz interactif\u00a0:<\/span>\r\n                \r\n                            <\/span>\r\n                        <\/li>\r\n        <li class=\"wow fadeInUp\">\r\n                    <span class=\"icon-1\" >\r\n                                                            <i aria-hidden=\"true\" class=\"fab fa-slideshare\"><\/i>                                                <\/span>\r\n            <span class=\"text-wrap\">\r\n                                <span class=\"title\">Rapports de r\u00e9union et points d'action num\u00e9riques :<\/span>\r\n                \r\n                            <\/span>\r\n                        <\/li>\r\n        <li class=\"wow fadeInUp\">\r\n                    <span class=\"icon-1\" >\r\n                                                            <i aria-hidden=\"true\" class=\"flaticon-statistics\"><\/i>                                                <\/span>\r\n            <span class=\"text-wrap\">\r\n                                <span class=\"title\">Surveys &amp; Feedback:<\/span>\r\n                \r\n                            <\/span>\r\n                        <\/li>\r\n        <li class=\"wow fadeInUp\">\r\n                    <span class=\"icon-1\" >\r\n                                                            <i aria-hidden=\"true\" class=\"fas fa-check\"><\/i>                                                <\/span>\r\n            <span class=\"text-wrap\">\r\n                                <span class=\"title\">Suivi am\u00e9lior\u00e9 des pr\u00e9sences\u00a0:<\/span>\r\n                \r\n                            <\/span>\r\n                        <\/li>\r\n    <\/ul>\t\t\t\t<\/div>\n\t\t\t\t<\/div>\n\t\t\t\t\t<\/div>\n\t\t<\/div>\n\t\t\t\t\t<\/div>\n\t\t<\/section>\n\t\t\t\t<section class=\"elementor-section elementor-inner-section elementor-element elementor-element-231601e elementor-section-boxed elementor-section-height-default elementor-section-height-default\" data-id=\"231601e\" data-element_type=\"section\">\n\t\t\t\t\t\t<div class=\"elementor-container elementor-column-gap-default\">\n\t\t\t\t\t<div class=\"elementor-column elementor-col-100 elementor-inner-column elementor-element elementor-element-34c8120\" data-id=\"34c8120\" data-element_type=\"column\">\n\t\t\t<div class=\"elementor-widget-wrap elementor-element-populated\">\n\t\t\t\t\t\t<div class=\"elementor-element elementor-element-1923721 elementor-widget elementor-widget-tx_button elh-el tx_button\" data-id=\"1923721\" data-element_type=\"widget\" data-settings=\"{&quot;design_style&quot;:&quot;style_1&quot;}\" data-widget_type=\"tx_button.default\">\n\t\t\t\t<div class=\"elementor-widget-container\">\n\t\t\t\t\t<div class=\"btn-wrapper  text-left\">\r\n    <a class=\"chy-pr-btn-1 tx-button none\"\r\n    href=\"https:\/\/hub.digitech-planet.com\/login\"\r\n    target=\"_blank\"\r\n    rel=\"\">\r\n        <span class=\"text\">\r\n            explorer davantage        <\/span>\r\n        <span class=\"icon\">\r\n            <i aria-hidden=\"true\" class=\"fas fa-greater-than\"><\/i>        <\/span>\r\n    <\/a>\r\n<\/div>\r\n\t\t\t\t<\/div>\n\t\t\t\t<\/div>\n\t\t\t\t\t<\/div>\n\t\t<\/div>\n\t\t\t\t\t<\/div>\n\t\t<\/section>\n\t\t\t\t\t<\/div>\n\t\t<\/div>\n\t\t\t\t\t<\/div>\n\t\t<\/section>\n\t\t\t\t<section class=\"elementor-section elementor-top-section elementor-element elementor-element-4bccc93 elementor-section-content-bottom fix elementor-section-full_width elementor-section-height-default elementor-section-height-default\" data-id=\"4bccc93\" data-element_type=\"section\">\n\t\t\t\t\t\t<div class=\"elementor-container elementor-column-gap-default\">\n\t\t\t\t\t<div class=\"elementor-column elementor-col-50 elementor-top-column elementor-element elementor-element-f2669e7\" data-id=\"f2669e7\" data-element_type=\"column\" data-settings=\"{&quot;background_background&quot;:&quot;classic&quot;}\">\n\t\t\t<div class=\"elementor-widget-wrap elementor-element-populated\">\n\t\t\t\t\t\t<section class=\"elementor-section elementor-inner-section elementor-element elementor-element-e7ce39b elementor-section-boxed elementor-section-height-default elementor-section-height-default\" data-id=\"e7ce39b\" data-element_type=\"section\">\n\t\t\t\t\t\t<div class=\"elementor-container elementor-column-gap-default\">\n\t\t\t\t\t<div class=\"elementor-column elementor-col-100 elementor-inner-column elementor-element elementor-element-64de48e\" data-id=\"64de48e\" data-element_type=\"column\">\n\t\t\t<div class=\"elementor-widget-wrap elementor-element-populated\">\n\t\t\t\t\t\t<div class=\"elementor-element elementor-element-7f3a47f elementor-widget elementor-widget-tx_heading elh-el tx_heading\" data-id=\"7f3a47f\" data-element_type=\"widget\" data-settings=\"{&quot;design_style&quot;:&quot;style_2&quot;}\" data-widget_type=\"tx_heading.default\">\n\t\t\t\t<div class=\"elementor-widget-container\">\n\t\t\t\t\t<div class=\"section-title-wrap text-left\">\r\n        <h5 class=\"chy-subtitle-2 tx-subTitle wow  isShape\">\r\n        \r\n            <\/h5>\r\n    \r\n    <h2 class=\"tx-title chy-title-2 chy-split-text\">Principales fonctionnalit\u00e9s<\/h2>\r\n        <p class=\"tx-description chy-para-2 wow\">\r\n            <\/p>\r\n    <\/div>\t\t\t\t<\/div>\n\t\t\t\t<\/div>\n\t\t\t\t<div class=\"elementor-element elementor-element-702c43a elementor-widget elementor-widget-tx_link_lists elh-el tx_link_lists\" data-id=\"702c43a\" data-element_type=\"widget\" data-settings=\"{&quot;design_style&quot;:&quot;style_2&quot;}\" data-widget_type=\"tx_link_lists.default\">\n\t\t\t\t<div class=\"elementor-widget-container\">\n\t\t\t\t\t<ul class=\"chy-research-2-list tx-listItems list-unstyled\">\r\n        <li class=\"chy-heading-1\">\r\n                                    <i aria-hidden=\"true\" class=\"fas fa-check-circle\"><\/i>                    \r\n                    Le syst\u00e8me s\u00e9lectionne au hasard 10 questions de diff\u00e9rents niveaux de difficult\u00e9 lors de sessions en direct pour cr\u00e9er des quiz attrayants et personnalis\u00e9s.            <\/li>\r\n        <li class=\"chy-heading-1\">\r\n                                    <i aria-hidden=\"true\" class=\"fas fa-check-circle\"><\/i>                    \r\n                    Apr\u00e8s chaque session, les participants remplissent des sondages num\u00e9riques qui fournissent un retour instantan\u00e9 pour am\u00e9liorer les r\u00e9unions et formations futures.            <\/li>\r\n    <\/ul>\t\t\t\t<\/div>\n\t\t\t\t<\/div>\n\t\t\t\t\t<\/div>\n\t\t<\/div>\n\t\t\t\t\t<\/div>\n\t\t<\/section>\n\t\t\t\t<section class=\"elementor-section elementor-inner-section elementor-element elementor-element-ca2d5a7 elementor-section-boxed elementor-section-height-default elementor-section-height-default\" data-id=\"ca2d5a7\" data-element_type=\"section\">\n\t\t\t\t\t\t<div class=\"elementor-container elementor-column-gap-default\">\n\t\t\t\t\t<div class=\"elementor-column elementor-col-100 elementor-inner-column elementor-element elementor-element-7840f0a\" data-id=\"7840f0a\" data-element_type=\"column\">\n\t\t\t<div class=\"elementor-widget-wrap elementor-element-populated\">\n\t\t\t\t\t\t<div class=\"elementor-element elementor-element-4884b3f elementor-widget elementor-widget-tx_button elh-el tx_button\" data-id=\"4884b3f\" data-element_type=\"widget\" data-settings=\"{&quot;design_style&quot;:&quot;style_1&quot;}\" data-widget_type=\"tx_button.default\">\n\t\t\t\t<div class=\"elementor-widget-container\">\n\t\t\t\t\t<div class=\"btn-wrapper  text-left\">\r\n    <a class=\"chy-pr-btn-1 tx-button none\"\r\n    href=\"https:\/\/hub.digitech-planet.com\/login\"\r\n    target=\"_blank\"\r\n    rel=\"\">\r\n        <span class=\"text\">\r\n            explorer davantage        <\/span>\r\n        <span class=\"icon\">\r\n            <i aria-hidden=\"true\" class=\"fas fa-greater-than\"><\/i>        <\/span>\r\n    <\/a>\r\n<\/div>\r\n\t\t\t\t<\/div>\n\t\t\t\t<\/div>\n\t\t\t\t\t<\/div>\n\t\t<\/div>\n\t\t\t\t\t<\/div>\n\t\t<\/section>\n\t\t\t\t\t<\/div>\n\t\t<\/div>\n\t\t\t\t<div class=\"elementor-column elementor-col-50 elementor-top-column elementor-element elementor-element-07a0eaf\" data-id=\"07a0eaf\" data-element_type=\"column\" data-settings=\"{&quot;background_background&quot;:&quot;classic&quot;}\">\n\t\t\t<div class=\"elementor-widget-wrap elementor-element-populated\">\n\t\t\t\t\t\t<div class=\"elementor-element elementor-element-cb9d930 elementor-widget__width-inherit elementor-widget elementor-widget-tx_image_box elh-el tx_image_box\" data-id=\"cb9d930\" data-element_type=\"widget\" data-settings=\"{&quot;design_style&quot;:&quot;style_3&quot;,&quot;image_1&quot;:{&quot;url&quot;:&quot;http:\\\/\\\/undpdigitalhub.sms-clan.com\\\/wp-content\\\/uploads\\\/2025\\\/02\\\/Screen-Shot-2025-02-18-at-12.14.27.png&quot;,&quot;id&quot;:3081,&quot;size&quot;:&quot;&quot;,&quot;alt&quot;:&quot;&quot;,&quot;source&quot;:&quot;library&quot;},&quot;image_2&quot;:{&quot;url&quot;:&quot;https:\\\/\\\/undpdigitalhub.sms-clan.com\\\/wp-content\\\/uploads\\\/2024\\\/01\\\/r2-img-icon.webp&quot;,&quot;id&quot;:408,&quot;size&quot;:&quot;&quot;,&quot;alt&quot;:&quot;&quot;,&quot;source&quot;:&quot;library&quot;},&quot;enable_feature_lists&quot;:&quot;yes&quot;}\" data-widget_type=\"tx_image_box.default\">\n\t\t\t\t<div class=\"elementor-widget-container\">\n\t\t\t\t\t<div class=\"chy-research-2-img\">\r\n        <div class=\"main-img asslideupcta d-block fix\">\r\n        <img decoding=\"async\" src=\"http:\/\/undpdigitalhub.sms-clan.com\/wp-content\/uploads\/2025\/02\/Screen-Shot-2025-02-18-at-12.14.27.png\" class=\"d-block\" alt=\"\">\r\n    <\/div>\r\n    \r\n        <img decoding=\"async\" class=\"img-icon chy-zoomout3\" src=\"https:\/\/undpdigitalhub.sms-clan.com\/wp-content\/uploads\/2024\/01\/r2-img-icon.webp\" alt=\"\">\r\n    <\/div>\t\t\t\t<\/div>\n\t\t\t\t<\/div>\n\t\t\t\t\t<\/div>\n\t\t<\/div>\n\t\t\t\t\t<\/div>\n\t\t<\/section>\n\t\t\t\t<\/div>","protected":false},"excerpt":{"rendered":"<p>Auditorium Education and mentorship Our meeting halls have the latest technology like teams, google meet , and other tools for smooth virtual meetings and collaboration. Interactive Quiz Builder: Meeting Reporting &amp; Digital Action Points: Surveys &amp; Feedback: Enhanced Attendance Tracking: explore more Key Features The system randomply picks 10 questions from different difficulty levels during [&hellip;]<\/p>","protected":false},"author":1,"featured_media":0,"parent":0,"menu_order":0,"comment_status":"closed","ping_status":"closed","template":"elementor_header_footer","meta":{"inline_featured_image":false,"footnotes":""},"class_list":["post-3079","page","type-page","status-publish","hentry"],"_links":{"self":[{"href":"https:\/\/digitech-planet.com\/fr\/wp-json\/wp\/v2\/pages\/3079","targetHints":{"allow":["GET"]}}],"collection":[{"href":"https:\/\/digitech-planet.com\/fr\/wp-json\/wp\/v2\/pages"}],"about":[{"href":"https:\/\/digitech-planet.com\/fr\/wp-json\/wp\/v2\/types\/page"}],"author":[{"embeddable":true,"href":"https:\/\/digitech-planet.com\/fr\/wp-json\/wp\/v2\/users\/1"}],"replies":[{"embeddable":true,"href":"https:\/\/digitech-planet.com\/fr\/wp-json\/wp\/v2\/comments?post=3079"}],"version-history":[{"count":59,"href":"https:\/\/digitech-planet.com\/fr\/wp-json\/wp\/v2\/pages\/3079\/revisions"}],"predecessor-version":[{"id":4821,"href":"https:\/\/digitech-planet.com\/fr\/wp-json\/wp\/v2\/pages\/3079\/revisions\/4821"}],"wp:attachment":[{"href":"https:\/\/digitech-planet.com\/fr\/wp-json\/wp\/v2\/media?parent=3079"}],"curies":[{"name":"wp","href":"https:\/\/api.w.org\/{rel}","templated":true}]}}