{"id":3042,"date":"2025-02-18T09:39:48","date_gmt":"2025-02-18T09:39:48","guid":{"rendered":"https:\/\/digitech-planet.com\/?page_id=3042"},"modified":"2025-09-12T11:01:27","modified_gmt":"2025-09-12T11:01:27","slug":"market-place","status":"publish","type":"page","link":"https:\/\/digitech-planet.com\/fr\/market-place\/","title":{"rendered":"MarketPlace"},"content":{"rendered":"<div data-elementor-type=\"wp-page\" data-elementor-id=\"3042\" class=\"elementor elementor-3042\">\n\t\t\t\t\t\t<section class=\"elementor-section elementor-top-section elementor-element elementor-element-81e6c83 elementor-section-content-bottom fix elementor-section-boxed elementor-section-height-default elementor-section-height-default\" data-id=\"81e6c83\" data-element_type=\"section\">\n\t\t\t\t\t\t<div class=\"elementor-container elementor-column-gap-default\">\n\t\t\t\t\t<div class=\"elementor-column elementor-col-50 elementor-top-column elementor-element elementor-element-b47a33a\" data-id=\"b47a33a\" data-element_type=\"column\">\n\t\t\t<div class=\"elementor-widget-wrap elementor-element-populated\">\n\t\t\t\t\t\t<div class=\"elementor-element elementor-element-383b161 elementor-widget__width-initial elementor-widget elementor-widget-tx_image_box elh-el tx_image_box\" data-id=\"383b161\" data-element_type=\"widget\" data-settings=\"{&quot;design_style&quot;:&quot;style_2&quot;,&quot;image_1&quot;:{&quot;url&quot;:&quot;http:\\\/\\\/undpdigitalhub.sms-clan.com\\\/wp-content\\\/uploads\\\/2025\\\/02\\\/Screen-Shot-2025-02-18-at-10.49.56-e1756129262511.png&quot;,&quot;id&quot;:3048,&quot;size&quot;:&quot;&quot;,&quot;alt&quot;:&quot;&quot;,&quot;source&quot;:&quot;library&quot;},&quot;image_2&quot;:{&quot;url&quot;:&quot;&quot;,&quot;id&quot;:&quot;&quot;,&quot;size&quot;:&quot;&quot;,&quot;alt&quot;:&quot;&quot;,&quot;source&quot;:&quot;library&quot;},&quot;image_3&quot;:{&quot;url&quot;:&quot;&quot;,&quot;id&quot;:&quot;&quot;,&quot;size&quot;:&quot;&quot;,&quot;alt&quot;:&quot;&quot;,&quot;source&quot;:&quot;library&quot;},&quot;image_4&quot;:{&quot;url&quot;:&quot;https:\\\/\\\/undpdigitalhub.sms-clan.com\\\/wp-content\\\/uploads\\\/2024\\\/01\\\/a1-il-3.webp&quot;,&quot;id&quot;:343,&quot;size&quot;:&quot;&quot;,&quot;alt&quot;:&quot;&quot;,&quot;source&quot;:&quot;library&quot;},&quot;enable_feature_lists&quot;:&quot;yes&quot;}\" data-widget_type=\"tx_image_box.default\">\n\t\t\t\t<div class=\"elementor-widget-container\">\n\t\t\t\t\t\r\n\r\n<div class=\"chy-about-2-img chy-class-add\">\r\n    <div class=\"main-img\">\r\n                <img decoding=\"async\" src=\"http:\/\/undpdigitalhub.sms-clan.com\/wp-content\/uploads\/2025\/02\/Screen-Shot-2025-02-18-at-10.49.56-e1756129262511.png\" alt=\"\" \/>\r\n            <\/div>\r\n\r\n    \r\n    \r\n        <img decoding=\"async\" src=\"https:\/\/undpdigitalhub.sms-clan.com\/wp-content\/uploads\/2024\/01\/a1-il-3.webp\" alt=\"\" class=\"il-img-3 wow zoomIn\">\r\n    <\/div>\t\t\t\t<\/div>\n\t\t\t\t<\/div>\n\t\t\t\t\t<\/div>\n\t\t<\/div>\n\t\t\t\t<div class=\"elementor-column elementor-col-50 elementor-top-column elementor-element elementor-element-5f736ba\" data-id=\"5f736ba\" data-element_type=\"column\">\n\t\t\t<div class=\"elementor-widget-wrap elementor-element-populated\">\n\t\t\t\t\t\t<section class=\"elementor-section elementor-inner-section elementor-element elementor-element-aa141f9 elementor-section-boxed elementor-section-height-default elementor-section-height-default\" data-id=\"aa141f9\" data-element_type=\"section\">\n\t\t\t\t\t\t<div class=\"elementor-container elementor-column-gap-default\">\n\t\t\t\t\t<div class=\"elementor-column elementor-col-100 elementor-inner-column elementor-element elementor-element-36e3fd8\" data-id=\"36e3fd8\" data-element_type=\"column\">\n\t\t\t<div class=\"elementor-widget-wrap elementor-element-populated\">\n\t\t\t\t\t\t<div class=\"elementor-element elementor-element-51c6eb9 elementor-widget elementor-widget-tx_heading elh-el tx_heading\" data-id=\"51c6eb9\" data-element_type=\"widget\" data-settings=\"{&quot;design_style&quot;:&quot;style_2&quot;}\" data-widget_type=\"tx_heading.default\">\n\t\t\t\t<div class=\"elementor-widget-container\">\n\t\t\t\t\t<div class=\"section-title-wrap text-left\">\r\n        <h5 class=\"chy-subtitle-2 tx-subTitle wow  isShape\">\r\n        \r\n            <\/h5>\r\n    \r\n    <h2 class=\"tx-title chy-title-2 chy-split-text\">Market place<\/h2>\r\n        <p class=\"tx-description chy-para-2 wow\">\r\n        La boutique est une marketplace mettant en valeur les produits d\u2019entreprises locales, de startups ainsi que d\u2019entreprises dirig\u00e9es par des jeunes et des femmes.\nApr\u00e8s le rebranding, les entrepreneurs obtiennent    <\/p>\r\n    <\/div>\t\t\t\t<\/div>\n\t\t\t\t<\/div>\n\t\t\t\t\t<\/div>\n\t\t<\/div>\n\t\t\t\t\t<\/div>\n\t\t<\/section>\n\t\t\t\t<section class=\"elementor-section elementor-inner-section elementor-element elementor-element-0bf1ead elementor-section-boxed elementor-section-height-default elementor-section-height-default\" data-id=\"0bf1ead\" data-element_type=\"section\">\n\t\t\t\t\t\t<div class=\"elementor-container elementor-column-gap-default\">\n\t\t\t\t\t<div class=\"elementor-column elementor-col-100 elementor-inner-column elementor-element elementor-element-c798093\" data-id=\"c798093\" data-element_type=\"column\">\n\t\t\t<div class=\"elementor-widget-wrap elementor-element-populated\">\n\t\t\t\t\t\t<div class=\"elementor-element elementor-element-16f75ab elementor-widget elementor-widget-tx_link_lists elh-el tx_link_lists\" data-id=\"16f75ab\" data-element_type=\"widget\" data-settings=\"{&quot;design_style&quot;:&quot;style_8&quot;}\" data-widget_type=\"tx_link_lists.default\">\n\t\t\t\t<div class=\"elementor-widget-container\">\n\t\t\t\t\t<ul class=\"sidebar-download list-unstyled tx-listItems\">\r\n        <li class=\"wow fadeInUp\">\r\n                    <span class=\"icon-1\" >\r\n                                                            <i aria-hidden=\"true\" class=\"fas fa-store\"><\/i>                                                <\/span>\r\n            <span class=\"text-wrap\">\r\n                                <span class=\"title\">Une vitrine professionnelle pour pr\u00e9senter les produits<\/span>\r\n                \r\n                            <\/span>\r\n                        <\/li>\r\n        <li class=\"wow fadeInUp\">\r\n                    <span class=\"icon-1\" >\r\n                                                            <i aria-hidden=\"true\" class=\"far fa-eye\"><\/i>                                                <\/span>\r\n            <span class=\"text-wrap\">\r\n                                <span class=\"title\">Une plus grande visibilit\u00e9 aupr\u00e8s des clients locaux et internationaux<\/span>\r\n                \r\n                            <\/span>\r\n                        <\/li>\r\n        <li class=\"wow fadeInUp\">\r\n                    <span class=\"icon-1\" >\r\n                                                            <i aria-hidden=\"true\" class=\"fas fa-road\"><\/i>                                                <\/span>\r\n            <span class=\"text-wrap\">\r\n                                <span class=\"title\">Parcours de croissance des PME<\/span>\r\n                \r\n                            <\/span>\r\n                        <\/li>\r\n    <\/ul>\t\t\t\t<\/div>\n\t\t\t\t<\/div>\n\t\t\t\t\t<\/div>\n\t\t<\/div>\n\t\t\t\t\t<\/div>\n\t\t<\/section>\n\t\t\t\t<section class=\"elementor-section elementor-inner-section elementor-element elementor-element-231601e elementor-section-boxed elementor-section-height-default elementor-section-height-default\" data-id=\"231601e\" data-element_type=\"section\">\n\t\t\t\t\t\t<div class=\"elementor-container elementor-column-gap-default\">\n\t\t\t\t\t<div class=\"elementor-column elementor-col-100 elementor-inner-column elementor-element elementor-element-34c8120\" data-id=\"34c8120\" data-element_type=\"column\">\n\t\t\t<div class=\"elementor-widget-wrap elementor-element-populated\">\n\t\t\t\t\t\t<div class=\"elementor-element elementor-element-1923721 elementor-widget elementor-widget-tx_button elh-el tx_button\" data-id=\"1923721\" data-element_type=\"widget\" data-settings=\"{&quot;design_style&quot;:&quot;style_1&quot;}\" data-widget_type=\"tx_button.default\">\n\t\t\t\t<div class=\"elementor-widget-container\">\n\t\t\t\t\t<div class=\"btn-wrapper  text-left\">\r\n    <a class=\"chy-pr-btn-1 tx-button none\"\r\n    href=\"https:\/\/hub.digitech-planet.com\/shop\/overview\"\r\n    target=\"_blank\"\r\n    rel=\"\">\r\n        <span class=\"text\">\r\n            Aller sur marketplace        <\/span>\r\n        <span class=\"icon\">\r\n            <i aria-hidden=\"true\" class=\"fas fa-greater-than\"><\/i>        <\/span>\r\n    <\/a>\r\n<\/div>\r\n\t\t\t\t<\/div>\n\t\t\t\t<\/div>\n\t\t\t\t\t<\/div>\n\t\t<\/div>\n\t\t\t\t\t<\/div>\n\t\t<\/section>\n\t\t\t\t\t<\/div>\n\t\t<\/div>\n\t\t\t\t\t<\/div>\n\t\t<\/section>\n\t\t\t\t<section class=\"elementor-section elementor-top-section elementor-element elementor-element-4bccc93 elementor-section-content-bottom fix elementor-section-full_width elementor-section-height-default elementor-section-height-default\" data-id=\"4bccc93\" data-element_type=\"section\">\n\t\t\t\t\t\t<div class=\"elementor-container elementor-column-gap-default\">\n\t\t\t\t\t<div class=\"elementor-column elementor-col-50 elementor-top-column elementor-element elementor-element-f2669e7\" data-id=\"f2669e7\" data-element_type=\"column\" data-settings=\"{&quot;background_background&quot;:&quot;classic&quot;}\">\n\t\t\t<div class=\"elementor-widget-wrap elementor-element-populated\">\n\t\t\t\t\t\t<section class=\"elementor-section elementor-inner-section elementor-element elementor-element-e7ce39b elementor-section-boxed elementor-section-height-default elementor-section-height-default\" data-id=\"e7ce39b\" data-element_type=\"section\">\n\t\t\t\t\t\t<div class=\"elementor-container elementor-column-gap-default\">\n\t\t\t\t\t<div class=\"elementor-column elementor-col-100 elementor-inner-column elementor-element elementor-element-64de48e\" data-id=\"64de48e\" data-element_type=\"column\">\n\t\t\t<div class=\"elementor-widget-wrap elementor-element-populated\">\n\t\t\t\t\t\t<div class=\"elementor-element elementor-element-7f3a47f elementor-widget elementor-widget-tx_heading elh-el tx_heading\" data-id=\"7f3a47f\" data-element_type=\"widget\" data-settings=\"{&quot;design_style&quot;:&quot;style_2&quot;}\" data-widget_type=\"tx_heading.default\">\n\t\t\t\t<div class=\"elementor-widget-container\">\n\t\t\t\t\t<div class=\"section-title-wrap text-left\">\r\n        <h5 class=\"chy-subtitle-2 tx-subTitle wow  isShape\">\r\n        \r\n            <\/h5>\r\n    \r\n    <h2 class=\"tx-title chy-title-2 chy-split-text\">Principales fonctionnalit\u00e9s<\/h2>\r\n        <p class=\"tx-description chy-para-2 wow\">\r\n            <\/p>\r\n    <\/div>\t\t\t\t<\/div>\n\t\t\t\t<\/div>\n\t\t\t\t<div class=\"elementor-element elementor-element-702c43a elementor-widget elementor-widget-tx_link_lists elh-el tx_link_lists\" data-id=\"702c43a\" data-element_type=\"widget\" data-settings=\"{&quot;design_style&quot;:&quot;style_2&quot;}\" data-widget_type=\"tx_link_lists.default\">\n\t\t\t\t<div class=\"elementor-widget-container\">\n\t\t\t\t\t<ul class=\"chy-research-2-list tx-listItems list-unstyled\">\r\n        <li class=\"chy-heading-1\">\r\n                                    <i aria-hidden=\"true\" class=\"fas fa-check-circle\"><\/i>                    \r\n                    Une boutique relook\u00e9e, con\u00e7ue pour sublimer votre exp\u00e9rience d\u2019achat en ligne !            <\/li>\r\n        <li class=\"chy-heading-1\">\r\n                                    <i aria-hidden=\"true\" class=\"fas fa-check-circle\"><\/i>                    \r\n                    Des comptes vendeurs am\u00e9lior\u00e9s, dot\u00e9s de puissantes fonctionnalit\u00e9s de reporting pour vous aider \u00e0 suivre et d\u00e9velopper votre entreprise plus efficacement.             <\/li>\r\n        <li class=\"chy-heading-1\">\r\n                                    <i aria-hidden=\"true\" class=\"fas fa-check-circle\"><\/i>                    \r\n                    Une gestion efficace des stocks, simplifi\u00e9e pour vous aider \u00e0 suivre les niveaux d\u2019inventaire en temps r\u00e9el.            <\/li>\r\n        <li class=\"chy-heading-1\">\r\n                                    <i aria-hidden=\"true\" class=\"fas fa-check-circle\"><\/i>                    \r\n                    Une gestion des livraisons fluide, qui vous offre tout ce dont vous avez besoin pour g\u00e9rer, suivre et optimiser vos livraisons efficacement.            <\/li>\r\n    <\/ul>\t\t\t\t<\/div>\n\t\t\t\t<\/div>\n\t\t\t\t\t<\/div>\n\t\t<\/div>\n\t\t\t\t\t<\/div>\n\t\t<\/section>\n\t\t\t\t<section class=\"elementor-section elementor-inner-section elementor-element elementor-element-ca2d5a7 elementor-section-boxed elementor-section-height-default elementor-section-height-default\" data-id=\"ca2d5a7\" data-element_type=\"section\">\n\t\t\t\t\t\t<div class=\"elementor-container elementor-column-gap-default\">\n\t\t\t\t\t<div class=\"elementor-column elementor-col-100 elementor-inner-column elementor-element elementor-element-7840f0a\" data-id=\"7840f0a\" data-element_type=\"column\">\n\t\t\t<div class=\"elementor-widget-wrap elementor-element-populated\">\n\t\t\t\t\t\t<div class=\"elementor-element elementor-element-4884b3f elementor-widget elementor-widget-tx_button elh-el tx_button\" data-id=\"4884b3f\" data-element_type=\"widget\" data-settings=\"{&quot;design_style&quot;:&quot;style_1&quot;}\" data-widget_type=\"tx_button.default\">\n\t\t\t\t<div class=\"elementor-widget-container\">\n\t\t\t\t\t<div class=\"btn-wrapper  text-left\">\r\n    <a class=\"chy-pr-btn-1 tx-button none\"\r\n    href=\"https:\/\/hub.digitech-planet.com\/shop\/overview\"\r\n    target=\"_blank\"\r\n    rel=\"\">\r\n        <span class=\"text\">\r\n            Aller sur marketplace        <\/span>\r\n        <span class=\"icon\">\r\n            <i aria-hidden=\"true\" class=\"fas fa-greater-than\"><\/i>        <\/span>\r\n    <\/a>\r\n<\/div>\r\n\t\t\t\t<\/div>\n\t\t\t\t<\/div>\n\t\t\t\t\t<\/div>\n\t\t<\/div>\n\t\t\t\t\t<\/div>\n\t\t<\/section>\n\t\t\t\t\t<\/div>\n\t\t<\/div>\n\t\t\t\t<div class=\"elementor-column elementor-col-50 elementor-top-column elementor-element elementor-element-07a0eaf\" data-id=\"07a0eaf\" data-element_type=\"column\" data-settings=\"{&quot;background_background&quot;:&quot;classic&quot;}\">\n\t\t\t<div class=\"elementor-widget-wrap elementor-element-populated\">\n\t\t\t\t\t\t<div class=\"elementor-element elementor-element-cb9d930 elementor-widget__width-inherit elementor-widget elementor-widget-tx_image_box elh-el tx_image_box\" data-id=\"cb9d930\" data-element_type=\"widget\" data-settings=\"{&quot;design_style&quot;:&quot;style_3&quot;,&quot;image_1&quot;:{&quot;url&quot;:&quot;http:\\\/\\\/undpdigitalhub.sms-clan.com\\\/wp-content\\\/uploads\\\/2025\\\/02\\\/Screen-Shot-2025-02-18-at-10.49.37.png&quot;,&quot;id&quot;:3049,&quot;size&quot;:&quot;&quot;,&quot;alt&quot;:&quot;&quot;,&quot;source&quot;:&quot;library&quot;},&quot;image_2&quot;:{&quot;url&quot;:&quot;https:\\\/\\\/undpdigitalhub.sms-clan.com\\\/wp-content\\\/uploads\\\/2024\\\/01\\\/r2-img-icon.webp&quot;,&quot;id&quot;:408,&quot;size&quot;:&quot;&quot;,&quot;alt&quot;:&quot;&quot;,&quot;source&quot;:&quot;library&quot;},&quot;enable_feature_lists&quot;:&quot;yes&quot;}\" data-widget_type=\"tx_image_box.default\">\n\t\t\t\t<div class=\"elementor-widget-container\">\n\t\t\t\t\t<div class=\"chy-research-2-img\">\r\n        <div class=\"main-img asslideupcta d-block fix\">\r\n        <img decoding=\"async\" src=\"http:\/\/undpdigitalhub.sms-clan.com\/wp-content\/uploads\/2025\/02\/Screen-Shot-2025-02-18-at-10.49.37.png\" class=\"d-block\" alt=\"\">\r\n    <\/div>\r\n    \r\n        <img decoding=\"async\" class=\"img-icon chy-zoomout3\" src=\"https:\/\/undpdigitalhub.sms-clan.com\/wp-content\/uploads\/2024\/01\/r2-img-icon.webp\" alt=\"\">\r\n    <\/div>\t\t\t\t<\/div>\n\t\t\t\t<\/div>\n\t\t\t\t\t<\/div>\n\t\t<\/div>\n\t\t\t\t\t<\/div>\n\t\t<\/section>\n\t\t\t\t<section class=\"elementor-section elementor-top-section elementor-element elementor-element-fc4bbd2 elementor-section-full_width elementor-section-content-top elementor-section-height-default elementor-section-height-default\" data-id=\"fc4bbd2\" data-element_type=\"section\">\n\t\t\t\t\t\t\t<div class=\"elementor-background-overlay\"><\/div>\n\t\t\t\t\t\t\t<div class=\"elementor-container elementor-column-gap-default\">\n\t\t\t\t\t<div class=\"elementor-column elementor-col-100 elementor-top-column elementor-element elementor-element-a130477\" data-id=\"a130477\" data-element_type=\"column\">\n\t\t\t<div class=\"elementor-widget-wrap elementor-element-populated\">\n\t\t\t\t\t\t<section class=\"elementor-section elementor-inner-section elementor-element elementor-element-42d2de4 elementor-section-full_width elementor-section-content-top elementor-section-height-default elementor-section-height-default\" data-id=\"42d2de4\" data-element_type=\"section\">\n\t\t\t\t\t\t<div class=\"elementor-container elementor-column-gap-default\">\n\t\t\t\t\t<div class=\"elementor-column elementor-col-100 elementor-inner-column elementor-element elementor-element-0b1cb58\" data-id=\"0b1cb58\" data-element_type=\"column\">\n\t\t\t<div class=\"elementor-widget-wrap elementor-element-populated\">\n\t\t\t\t\t\t<div class=\"elementor-element elementor-element-208ffad elementor-widget elementor-widget-tx_post_grid elh-el tx_post_grid\" data-id=\"208ffad\" data-element_type=\"widget\" data-settings=\"{&quot;design_style&quot;:&quot;style_5&quot;,&quot;choose_columns&quot;:&quot;column_4&quot;}\" data-widget_type=\"tx_post_grid.default\">\n\t\t\t\t<div class=\"elementor-widget-container\">\n\t\t\t\t\t<section id=\"nim-blog\" class=\"nim-blog-section pt-110 pb-80 tx-section\">\n    <div class=\"container\">\n        <div class=\"nim-blog-top-content d-flex justify-content-between flex-wrap align-items-end\">\n            <div class=\"nim-section-title txt-headline\">\n                                <div class=\"subtitle wow fadeInRight tx-subTitle\" data-wow-delay=\"400ms\" data-wow-duration=\"1000ms\">\n                                    <\/div>\n                \n                <h2 class=\"tx-title sec_title  tx-split-text split-in-right\">Infos &amp; Blog<\/h2>            <\/div>\n\n                        <div class=\"blog-more-btn\">\n                <a class=\"tx-button\"\n                href=\"https:\/\/digitech-planet.com\/fr\/\"\n                target=\"_self\"\n                rel=\"\">\n                    Read more                    <i aria-hidden=\"true\" class=\"far fa-arrow-alt-circle-right\"><\/i>                <\/a>\n            <\/div>\n            \n        <\/div>\n        <div class=\"nim-blog-content pt-35\">\n            <div class=\"row justify-content-center\">\n                            <div class=\"col-lg-4 col-md-6\">\n                    <div class=\"nim-blog-item\">\n                        <div class=\"blog-img position-relative\">\n                                                        <div class=\"inner-img\">\n                                <img decoding=\"async\" src=\"https:\/\/digitech-planet.com\/wp-content\/uploads\/2024\/01\/challenge-1024x683.webp\" alt=\"\">\n                            <\/div>\n                            \n                                                    <\/div>\n                        <div class=\"blog-text txt-headline\">\n                            <h3 class=\"blog_title\">\n                                <a href=\"https:\/\/digitech-planet.com\/fr\/cameroonians-win-top-honours-at-mtn-group-pachipanda-challenge-2024\/\">\n                                    Des Camerounais remportent les plus grands honneurs au MTN Group PachiPanda Challenge 2024                                <\/a>\n                            <\/h3>\n                            <div class=\"blog-meta d-flex justify-content-between position-relative\">\n                                \n                                                            <\/div>\n                        <\/div>\n                    <\/div>\n                <\/div>\n                                <div class=\"col-lg-4 col-md-6\">\n                    <div class=\"nim-blog-item\">\n                        <div class=\"blog-img position-relative\">\n                                                        <div class=\"inner-img\">\n                                <img decoding=\"async\" src=\"https:\/\/digitech-planet.com\/wp-content\/uploads\/2024\/01\/image2-1024x683.jpg\" alt=\"\">\n                            <\/div>\n                            \n                                                    <\/div>\n                        <div class=\"blog-text txt-headline\">\n                            <h3 class=\"blog_title\">\n                                <a href=\"https:\/\/digitech-planet.com\/fr\/driving-a-thriving-digital-ecosystem-undp-cameroon-at-the-2024-cits\/\">\n                                    Stimuler un \u00e9cosyst\u00e8me num\u00e9rique florissant : PNUD Cameroun au CITS 2024                                <\/a>\n                            <\/h3>\n                            <div class=\"blog-meta d-flex justify-content-between position-relative\">\n                                \n                                                            <\/div>\n                        <\/div>\n                    <\/div>\n                <\/div>\n                                <div class=\"col-lg-4 col-md-6\">\n                    <div class=\"nim-blog-item\">\n                        <div class=\"blog-img position-relative\">\n                                                        <div class=\"inner-img\">\n                                <img decoding=\"async\" src=\"https:\/\/digitech-planet.com\/wp-content\/uploads\/2025\/09\/Frame-26.png\" alt=\"\">\n                            <\/div>\n                            \n                                                    <\/div>\n                        <div class=\"blog-text txt-headline\">\n                            <h3 class=\"blog_title\">\n                                <a href=\"https:\/\/digitech-planet.com\/fr\/timbuktoo-fintech-cameroonian-startup-in-top-202\/\">\n                                    Timbuktoo Fintech: Cameroonian Startup In Top 202                                <\/a>\n                            <\/h3>\n                            <div class=\"blog-meta d-flex justify-content-between position-relative\">\n                                \n                                                            <\/div>\n                        <\/div>\n                    <\/div>\n                <\/div>\n                            <\/div>\n        <\/div>\n    <\/div>\n<\/section>\t\t\t\t<\/div>\n\t\t\t\t<\/div>\n\t\t\t\t\t<\/div>\n\t\t<\/div>\n\t\t\t\t\t<\/div>\n\t\t<\/section>\n\t\t\t\t\t<\/div>\n\t\t<\/div>\n\t\t\t\t\t<\/div>\n\t\t<\/section>\n\t\t\t\t<\/div>","protected":false},"excerpt":{"rendered":"<p>Shop The Shop is a marketplace featuring products from local businesses, startups, and youth and women-led enterprises. After rebranding, entrepreneurs get; i A professional storefront to showcase products Greater visibility to local and global customers SME growth path Go to Market Place Key Features A rebranded Shop, designed to elevate your online shopping experience! Enhanced [&hellip;]<\/p>","protected":false},"author":1,"featured_media":0,"parent":0,"menu_order":0,"comment_status":"closed","ping_status":"closed","template":"elementor_header_footer","meta":{"inline_featured_image":false,"footnotes":""},"class_list":["post-3042","page","type-page","status-publish","hentry"],"_links":{"self":[{"href":"https:\/\/digitech-planet.com\/fr\/wp-json\/wp\/v2\/pages\/3042","targetHints":{"allow":["GET"]}}],"collection":[{"href":"https:\/\/digitech-planet.com\/fr\/wp-json\/wp\/v2\/pages"}],"about":[{"href":"https:\/\/digitech-planet.com\/fr\/wp-json\/wp\/v2\/types\/page"}],"author":[{"embeddable":true,"href":"https:\/\/digitech-planet.com\/fr\/wp-json\/wp\/v2\/users\/1"}],"replies":[{"embeddable":true,"href":"https:\/\/digitech-planet.com\/fr\/wp-json\/wp\/v2\/comments?post=3042"}],"version-history":[{"count":126,"href":"https:\/\/digitech-planet.com\/fr\/wp-json\/wp\/v2\/pages\/3042\/revisions"}],"predecessor-version":[{"id":4839,"href":"https:\/\/digitech-planet.com\/fr\/wp-json\/wp\/v2\/pages\/3042\/revisions\/4839"}],"wp:attachment":[{"href":"https:\/\/digitech-planet.com\/fr\/wp-json\/wp\/v2\/media?parent=3042"}],"curies":[{"name":"wp","href":"https:\/\/api.w.org\/{rel}","templated":true}]}}