{"id":2773,"date":"2024-11-04T10:55:03","date_gmt":"2024-11-04T10:55:03","guid":{"rendered":"https:\/\/digitech-planet.com\/?page_id=2773"},"modified":"2025-09-25T11:25:22","modified_gmt":"2025-09-25T11:25:22","slug":"about-us","status":"publish","type":"page","link":"https:\/\/digitech-planet.com\/fr\/about-us\/","title":{"rendered":"\u00c0 propos"},"content":{"rendered":"<div data-elementor-type=\"wp-page\" data-elementor-id=\"2773\" class=\"elementor elementor-2773\">\n\t\t\t\t<div class=\"elementor-element elementor-element-07875f8 e-flex e-con-boxed e-con e-parent\" data-id=\"07875f8\" data-element_type=\"container\" data-settings=\"{&quot;background_background&quot;:&quot;classic&quot;}\">\n\t\t\t\t\t<div class=\"e-con-inner\">\n\t\t\t\t<div class=\"elementor-element elementor-element-c1ee61f elementor-widget__width-initial elementor-widget-tablet__width-initial elementor-widget elementor-widget-tx_heading elh-el tx_heading\" data-id=\"c1ee61f\" data-element_type=\"widget\" data-settings=\"{&quot;design_style&quot;:&quot;style_1&quot;}\" data-widget_type=\"tx_heading.default\">\n\t\t\t\t<div class=\"elementor-widget-container\">\n\t\t\t\t\t<div class=\"section-title-wrap text-left\">\r\n        <h5 class=\"chy-subtitle-1 tx-subTitle wow  isShape\">\r\n            <\/h5>\r\n    \r\n    <h2 class=\"tx-title chy-title-1 chy-split-text\">OBJECTIFS DU \u00ab HUB \u00bb<\/h2>\r\n        <p class=\"tx-description chy-para-1 wow\">\r\n        Nous aidons \u00e0 cr\u00e9er des emplois et \u00e0 stimuler le d\u00e9veloppement \u00e9conomique des femmes, des jeunes, des personnes handicap\u00e9es et des communaut\u00e9s en fournissant une \u00e9ducation, une formation, un mentorat, un acc\u00e8s au financement et en mettant en relation les entrepreneurs avec des investisseurs et des partenaires.    <\/p>\r\n    <\/div>\t\t\t\t<\/div>\n\t\t\t\t<\/div>\n\t\t<div class=\"elementor-element elementor-element-a619138 e-con-full e-flex e-con e-child\" data-id=\"a619138\" data-element_type=\"container\">\n\t\t\t\t<div class=\"elementor-element elementor-element-954f85e elementor-widget__width-initial elementor-widget elementor-widget-image\" data-id=\"954f85e\" data-element_type=\"widget\" data-widget_type=\"image.default\">\n\t\t\t\t<div class=\"elementor-widget-container\">\n\t\t\t\t\t\t\t\t\t\t\t\t\t\t\t<img fetchpriority=\"high\" decoding=\"async\" width=\"640\" height=\"507\" src=\"https:\/\/digitech-planet.com\/wp-content\/uploads\/2025\/09\/femme.png\" class=\"attachment-large size-large wp-image-4847\" alt=\"\" srcset=\"https:\/\/digitech-planet.com\/wp-content\/uploads\/2025\/09\/femme.png 658w, https:\/\/digitech-planet.com\/wp-content\/uploads\/2025\/09\/femme-300x238.png 300w, https:\/\/digitech-planet.com\/wp-content\/uploads\/2025\/09\/femme-15x12.png 15w, https:\/\/digitech-planet.com\/wp-content\/uploads\/2025\/09\/femme-600x475.png 600w\" sizes=\"(max-width: 640px) 100vw, 640px\" \/>\t\t\t\t\t\t\t\t\t\t\t\t\t\t\t<\/div>\n\t\t\t\t<\/div>\n\t\t\t\t<\/div>\n\t\t\t\t\t<\/div>\n\t\t\t\t<\/div>\n\t\t<div class=\"elementor-element elementor-element-ac359db e-flex e-con-boxed e-con e-parent\" data-id=\"ac359db\" data-element_type=\"container\">\n\t\t\t\t\t<div class=\"e-con-inner\">\n\t\t\t\t\t<\/div>\n\t\t\t\t<\/div>\n\t\t\t\t<section class=\"elementor-section elementor-top-section elementor-element elementor-element-f2f62a3 elementor-section-full_width objectives-section elementor-section-height-default elementor-section-height-default\" data-id=\"f2f62a3\" data-element_type=\"section\">\n\t\t\t\t\t\t<div class=\"elementor-container elementor-column-gap-default\">\n\t\t\t\t\t<div class=\"elementor-column elementor-col-100 elementor-top-column elementor-element elementor-element-da9e00c objectives-section\" data-id=\"da9e00c\" data-element_type=\"column\">\n\t\t\t<div class=\"elementor-widget-wrap\">\n\t\t\t\t\t\t\t<\/div>\n\t\t<\/div>\n\t\t\t\t\t<\/div>\n\t\t<\/section>\n\t\t\t\t<section class=\"elementor-section elementor-top-section elementor-element elementor-element-a45a6d2 elementor-section-content-bottom fix elementor-section-boxed elementor-section-height-default elementor-section-height-default\" data-id=\"a45a6d2\" data-element_type=\"section\">\n\t\t\t\t\t\t<div class=\"elementor-container elementor-column-gap-default\">\n\t\t\t\t\t<div class=\"elementor-column elementor-col-50 elementor-top-column elementor-element elementor-element-ca53d27\" data-id=\"ca53d27\" data-element_type=\"column\">\n\t\t\t<div class=\"elementor-widget-wrap elementor-element-populated\">\n\t\t\t\t\t\t<div class=\"elementor-element elementor-element-4926944 elementor-widget elementor-widget-tx_heading elh-el tx_heading\" data-id=\"4926944\" data-element_type=\"widget\" data-settings=\"{&quot;design_style&quot;:&quot;style_2&quot;}\" data-widget_type=\"tx_heading.default\">\n\t\t\t\t<div class=\"elementor-widget-container\">\n\t\t\t\t\t<div class=\"section-title-wrap text-left\">\r\n    \r\n    <h2 class=\"tx-title chy-title-2 chy-split-text\">Notre histoire<\/h2>\r\n        <p class=\"tx-description chy-para-2 wow\">\r\n            <\/p>\r\n    <\/div>\t\t\t\t<\/div>\n\t\t\t\t<\/div>\n\t\t\t\t<section class=\"elementor-section elementor-inner-section elementor-element elementor-element-cb39289 elementor-section-boxed elementor-section-height-default elementor-section-height-default\" data-id=\"cb39289\" data-element_type=\"section\">\n\t\t\t\t\t\t<div class=\"elementor-container elementor-column-gap-default\">\n\t\t\t\t\t<div class=\"elementor-column elementor-col-100 elementor-inner-column elementor-element elementor-element-120d932\" data-id=\"120d932\" data-element_type=\"column\">\n\t\t\t<div class=\"elementor-widget-wrap elementor-element-populated\">\n\t\t\t\t\t\t<div class=\"elementor-element elementor-element-5548af1 elementor-widget elementor-widget-tx_heading elh-el tx_heading\" data-id=\"5548af1\" data-element_type=\"widget\" data-settings=\"{&quot;design_style&quot;:&quot;style_2&quot;}\" data-widget_type=\"tx_heading.default\">\n\t\t\t\t<div class=\"elementor-widget-container\">\n\t\t\t\t\t<div class=\"section-title-wrap text-left\">\r\n    \r\n    \r\n        <p class=\"tx-description chy-para-2 wow\">\r\n        Le programme Digitech Planet de MTN\/PNUD autonomise les jeunes et les femmes du Cameroun gr\u00e2ce \u00e0 l'innovation num\u00e9rique, conform\u00e9ment \u00e0 la Strat\u00e9gie nationale de d\u00e9veloppement du Cameroun \u00e0 l'horizon 2030. Il comble les \u00e9carts \u00e9conomiques gr\u00e2ce \u00e0 une gamme compl\u00e8te de services, notamment\u00a0:    <\/p>\r\n    <\/div>\t\t\t\t<\/div>\n\t\t\t\t<\/div>\n\t\t\t\t\t<\/div>\n\t\t<\/div>\n\t\t\t\t\t<\/div>\n\t\t<\/section>\n\t\t\t\t<section class=\"elementor-section elementor-inner-section elementor-element elementor-element-ebcd3f5 elementor-section-boxed elementor-section-height-default elementor-section-height-default\" data-id=\"ebcd3f5\" data-element_type=\"section\">\n\t\t\t\t\t\t<div class=\"elementor-container elementor-column-gap-default\">\n\t\t\t\t\t<div class=\"elementor-column elementor-col-100 elementor-inner-column elementor-element elementor-element-98383e4\" data-id=\"98383e4\" data-element_type=\"column\">\n\t\t\t<div class=\"elementor-widget-wrap elementor-element-populated\">\n\t\t\t\t\t\t<div class=\"elementor-element elementor-element-3d2c5c9 elementor-widget elementor-widget-tx_link_lists elh-el tx_link_lists\" data-id=\"3d2c5c9\" data-element_type=\"widget\" data-settings=\"{&quot;design_style&quot;:&quot;style_2&quot;}\" data-widget_type=\"tx_link_lists.default\">\n\t\t\t\t<div class=\"elementor-widget-container\">\n\t\t\t\t\t<ul class=\"chy-research-2-list tx-listItems list-unstyled\">\r\n        <li class=\"chy-heading-1\">\r\n                                    <i aria-hidden=\"true\" class=\"fas fa-check-circle\"><\/i>                    \r\n                    Croissance inclusive : nous fournissons des ressources et un soutien aux groupes sous-repr\u00e9sent\u00e9s, en veillant \u00e0 ce qu\u2019ils disposent des outils et des opportunit\u00e9s n\u00e9cessaires pour r\u00e9ussir.            <\/li>\r\n        <li class=\"chy-heading-1\">\r\n                                    <i aria-hidden=\"true\" class=\"fas fa-check-circle\"><\/i>                    \r\n                    Renforcement des capacit\u00e9s : Nous offrons de l'\u00e9ducation, du mentorat et de la formation pour d\u00e9velopper des comp\u00e9tences essentielles dans les secteurs de la technologie et du savoir.            <\/li>\r\n        <li class=\"chy-heading-1\">\r\n                                    <i aria-hidden=\"true\" class=\"fas fa-check-circle\"><\/i>                    \r\n                    Collaboration et partenariats : Nous connectons les entrepreneurs, les innovateurs, les chercheurs et les investisseurs pour former des partenariats dynamiques et des entreprises innovantes            <\/li>\r\n    <\/ul>\t\t\t\t<\/div>\n\t\t\t\t<\/div>\n\t\t\t\t\t<\/div>\n\t\t<\/div>\n\t\t\t\t\t<\/div>\n\t\t<\/section>\n\t\t\t\t\t<\/div>\n\t\t<\/div>\n\t\t\t\t<div class=\"elementor-column elementor-col-50 elementor-top-column elementor-element elementor-element-234b284\" data-id=\"234b284\" data-element_type=\"column\">\n\t\t\t<div class=\"elementor-widget-wrap elementor-element-populated\">\n\t\t\t\t\t\t<div class=\"elementor-element elementor-element-3e66825 elementor-widget elementor-widget-tx_about elh-el tx_about\" data-id=\"3e66825\" data-element_type=\"widget\" data-settings=\"{&quot;design_style&quot;:&quot;style_2&quot;}\" data-widget_type=\"tx_about.default\">\n\t\t\t\t<div class=\"elementor-widget-container\">\n\t\t\t\t\t<section class=\"nim-about-section pb-115 tx-section\">\r\n    <div class=\"container\">\r\n        <div class=\"nim-about-content\">\r\n            <div class=\"row\">\r\n                <div class=\"col-lg-6\">\r\n                    <div class=\"nim-about-img txt_item_active position-relative\">\r\n                                                <div class=\"inner-img\">\r\n                            <img decoding=\"async\" src=\"http:\/\/undpdigitalhub.sms-clan.com\/wp-content\/uploads\/2025\/08\/Rounded-rectangle.png\" alt=\"\">\r\n                        <\/div>\r\n                        \r\n                        \r\n                                                <div class=\"inner-img3  position-absolute wow fadeInLeft\"  data-wow-delay=\"700ms\" data-wow-duration=\"1000ms\">\r\n                            <img decoding=\"async\" src=\"http:\/\/undpdigitalhub.sms-clan.com\/wp-content\/uploads\/2025\/08\/Rectangle-30.png\" alt=\"\">\r\n                        <\/div>\r\n                        \r\n                                            <\/div>\r\n                <\/div>\r\n                <div class=\"col-lg-6\">\r\n                    <div class=\"nim-about-text txt-headline pera-content\">\r\n                        <div class=\"nim-section-title txt-headline txt-text-anim\">\r\n                                                        <div class=\"subtitle text-capitalize wow fadeInRight tx-subTitle\"  data-wow-delay=\"300ms\" data-wow-duration=\"1000ms\">\r\n                                                            <\/div>\r\n                                                        <h4 class=\"tx-title sec_title tx-split-text split-in-right\">Notre Mission et Notre Vision <br>\n<\/h4>\r\n                                                        <p class=\"tx-description\">\r\n                                <span> Mission <\/span>\n<br>\nPromouvoir le d\u00e9veloppement \u00e9conomique et la comp\u00e9titivit\u00e9 de l'\u00e9cosyst\u00e8me entrepreneurial camerounais.\n<br>\n<br> <span> Vision <\/span>\n\n<br> \u00catre le p\u00f4le d'innovation et de transformation le plus fiable et le plus influent pour le progr\u00e8s de l'Afrique centrale.\nNous souhaitons b\u00e2tir un \u00e9cosyst\u00e8me inclusif qui favorise l'innovation et l'entrepreneuriat. Voici comment nous y parvenons\u00a0:\n                            <\/p>\r\n                                                    <\/div>\r\n                        <div class=\"nim-about-price-list pt-40 d-flex align-items-center\">\r\n\r\n                            <div class=\"price-value text-center position-relative txt-headline wow fadeInLeft\"  data-wow-delay=\"400ms\" data-wow-duration=\"1000ms\">\r\n                                \r\n                                                                <h3>\t\t\t\t\t\t\t\tPlanning<\/h3>\r\n                                \r\n                                <strong><\/strong>\r\n                            <\/div>\r\n\r\n                                                        <div class=\"price-list ul-li-block\">\r\n                                <ul class=\"tx-listsItems\">\r\n                                                                        <li class=\"wow\" data-splitting=\"\">\r\n                                        <i aria-hidden=\"true\" class=\"flaticon-check-mark-1\"><\/i>                                        \u00c9ducation et mentorat                                    <\/li>\r\n                                                                        <li class=\"wow\" data-splitting=\"\">\r\n                                        <i aria-hidden=\"true\" class=\"flaticon-check-mark-1\"><\/i>                                        Innovation et exp\u00e9rimentation                                    <\/li>\r\n                                                                        <li class=\"wow\" data-splitting=\"\">\r\n                                        <i aria-hidden=\"true\" class=\"flaticon-check-mark-1\"><\/i>                                        Acc\u00e8s aux ressources                                    <\/li>\r\n                                                                        <li class=\"wow\" data-splitting=\"\">\r\n                                        <i aria-hidden=\"true\" class=\"flaticon-check-mark-1\"><\/i>                                        Collaboration                                    <\/li>\r\n                                                                    <\/ul>\r\n                            <\/div>\r\n                                                    <\/div>\r\n\r\n                                            <\/div>\r\n                <\/div>\r\n            <\/div>\r\n        <\/div>\r\n    <\/div>\r\n<\/section>\t\t\t\t<\/div>\n\t\t\t\t<\/div>\n\t\t\t\t<div class=\"elementor-element elementor-element-abf2882 elementor-widget__width-inherit elementor-widget elementor-widget-tx_image_box elh-el tx_image_box\" data-id=\"abf2882\" data-element_type=\"widget\" data-settings=\"{&quot;design_style&quot;:&quot;style_3&quot;,&quot;image_1&quot;:{&quot;url&quot;:&quot;http:\\\/\\\/undpdigitalhub.sms-clan.com\\\/wp-content\\\/uploads\\\/2025\\\/08\\\/Rectangle-31.png&quot;,&quot;id&quot;:3872,&quot;size&quot;:&quot;&quot;,&quot;alt&quot;:&quot;&quot;,&quot;source&quot;:&quot;library&quot;},&quot;image_2&quot;:{&quot;url&quot;:&quot;https:\\\/\\\/undpdigitalhub.sms-clan.com\\\/wp-content\\\/uploads\\\/2024\\\/01\\\/r2-img-icon.webp&quot;,&quot;id&quot;:408,&quot;size&quot;:&quot;&quot;,&quot;alt&quot;:&quot;&quot;,&quot;source&quot;:&quot;library&quot;},&quot;enable_feature_lists&quot;:&quot;yes&quot;}\" data-widget_type=\"tx_image_box.default\">\n\t\t\t\t<div class=\"elementor-widget-container\">\n\t\t\t\t\t<div class=\"chy-research-2-img\">\r\n        <div class=\"main-img asslideupcta d-block fix\">\r\n        <img decoding=\"async\" src=\"http:\/\/undpdigitalhub.sms-clan.com\/wp-content\/uploads\/2025\/08\/Rectangle-31.png\" class=\"d-block\" alt=\"\">\r\n    <\/div>\r\n    \r\n        <img decoding=\"async\" class=\"img-icon chy-zoomout3\" src=\"https:\/\/undpdigitalhub.sms-clan.com\/wp-content\/uploads\/2024\/01\/r2-img-icon.webp\" alt=\"\">\r\n    <\/div>\t\t\t\t<\/div>\n\t\t\t\t<\/div>\n\t\t\t\t\t<\/div>\n\t\t<\/div>\n\t\t\t\t\t<\/div>\n\t\t<\/section>\n\t\t\t\t<\/div>","protected":false},"excerpt":{"rendered":"<p>OBJECTIVES OF \u201cTHE HUB\u201d We help create jobs and boost economic development for women, youth, people with disabilities, and communities by providing education, training, mentoring access to funding and connecting entrepreneurs with investors and partners Our Story The MTN\/UNDP Digitech Planet empowers youth and women in Cameroon through digital innovation, aligning with Cameroon\u2019s National Development [&hellip;]<\/p>","protected":false},"author":1,"featured_media":0,"parent":0,"menu_order":0,"comment_status":"closed","ping_status":"closed","template":"elementor_header_footer","meta":{"inline_featured_image":false,"footnotes":""},"class_list":["post-2773","page","type-page","status-publish","hentry"],"_links":{"self":[{"href":"https:\/\/digitech-planet.com\/fr\/wp-json\/wp\/v2\/pages\/2773","targetHints":{"allow":["GET"]}}],"collection":[{"href":"https:\/\/digitech-planet.com\/fr\/wp-json\/wp\/v2\/pages"}],"about":[{"href":"https:\/\/digitech-planet.com\/fr\/wp-json\/wp\/v2\/types\/page"}],"author":[{"embeddable":true,"href":"https:\/\/digitech-planet.com\/fr\/wp-json\/wp\/v2\/users\/1"}],"replies":[{"embeddable":true,"href":"https:\/\/digitech-planet.com\/fr\/wp-json\/wp\/v2\/comments?post=2773"}],"version-history":[{"count":184,"href":"https:\/\/digitech-planet.com\/fr\/wp-json\/wp\/v2\/pages\/2773\/revisions"}],"predecessor-version":[{"id":4910,"href":"https:\/\/digitech-planet.com\/fr\/wp-json\/wp\/v2\/pages\/2773\/revisions\/4910"}],"wp:attachment":[{"href":"https:\/\/digitech-planet.com\/fr\/wp-json\/wp\/v2\/media?parent=2773"}],"curies":[{"name":"wp","href":"https:\/\/api.w.org\/{rel}","templated":true}]}}