{"id":2595,"date":"2024-10-31T09:28:22","date_gmt":"2024-10-31T09:28:22","guid":{"rendered":"https:\/\/digitech-planet.com\/?page_id=2595"},"modified":"2025-09-11T14:45:43","modified_gmt":"2025-09-11T14:45:43","slug":"newsroom","status":"publish","type":"page","link":"https:\/\/digitech-planet.com\/fr\/newsroom\/","title":{"rendered":"Newsroom"},"content":{"rendered":"<div data-elementor-type=\"wp-page\" data-elementor-id=\"2595\" class=\"elementor elementor-2595\">\n\t\t\t\t\t\t<section class=\"elementor-section elementor-top-section elementor-element elementor-element-0a6969c elementor-section-boxed elementor-section-height-default elementor-section-height-default\" data-id=\"0a6969c\" data-element_type=\"section\">\n\t\t\t\t\t\t<div class=\"elementor-container elementor-column-gap-default\">\n\t\t\t\t\t<div class=\"elementor-column elementor-col-100 elementor-top-column elementor-element elementor-element-fefb89d\" data-id=\"fefb89d\" data-element_type=\"column\">\n\t\t\t<div class=\"elementor-widget-wrap elementor-element-populated\">\n\t\t\t\t\t\t<div class=\"elementor-element elementor-element-c8e4d85 elementor-widget elementor-widget-tx_heading elh-el tx_heading\" data-id=\"c8e4d85\" data-element_type=\"widget\" data-settings=\"{&quot;design_style&quot;:&quot;style_1&quot;}\" data-widget_type=\"tx_heading.default\">\n\t\t\t\t<div class=\"elementor-widget-container\">\n\t\t\t\t\t<div class=\"section-title-wrap text-center\">\r\n    \r\n    \r\n        <p class=\"tx-description chy-para-1 wow\">\r\n        Restez inform\u00e9 des derni\u00e8res actualit\u00e9s en mati\u00e8re d\u2019innovation,\nd\u2019entrepreneuriat et d\u2019opportunit\u00e9s avec Digitech Planet. Notre rubrique actualit\u00e9s vous propose des mises \u00e0 jour r\u00e9guli\u00e8res sur des projets novateurs, des success stories, les avanc\u00e9es de l\u2019\u00e9cosyst\u00e8me ainsi que des ressources essentielles pour les\nentrepreneurs.    <\/p>\r\n    <\/div>\t\t\t\t<\/div>\n\t\t\t\t<\/div>\n\t\t\t\t<div class=\"elementor-element elementor-element-f2f9340 elementor-widget elementor-widget-tx_post_grid elh-el tx_post_grid\" data-id=\"f2f9340\" data-element_type=\"widget\" data-settings=\"{&quot;design_style&quot;:&quot;style_5&quot;,&quot;choose_columns&quot;:&quot;column_3&quot;}\" data-widget_type=\"tx_post_grid.default\">\n\t\t\t\t<div class=\"elementor-widget-container\">\n\t\t\t\t\t<section id=\"nim-blog\" class=\"nim-blog-section pt-110 pb-80 tx-section\">\n    <div class=\"container\">\n        <div class=\"nim-blog-top-content d-flex justify-content-between flex-wrap align-items-end\">\n            <div class=\"nim-section-title txt-headline\">\n                \n                            <\/div>\n\n                        <div class=\"blog-more-btn\">\n                <a class=\"tx-button\"\n                href=\"#\"\n                target=\"_self\"\n                rel=\"\">\n                    Button Text                                    <\/a>\n            <\/div>\n            \n        <\/div>\n        <div class=\"nim-blog-content pt-35\">\n            <div class=\"row justify-content-center\">\n                            <div class=\"col-lg-4 col-md-6\">\n                    <div class=\"nim-blog-item\">\n                        <div class=\"blog-img position-relative\">\n                                                        <div class=\"inner-img\">\n                                <img decoding=\"async\" src=\"https:\/\/digitech-planet.com\/wp-content\/uploads\/2024\/01\/image2-1024x683.jpg\" alt=\"\">\n                            <\/div>\n                            \n                                                    <\/div>\n                        <div class=\"blog-text txt-headline\">\n                            <h3 class=\"blog_title\">\n                                <a href=\"https:\/\/digitech-planet.com\/fr\/undp-at-cits\/\">\n                                    Autonomiser les entrepreneurs\u00a0: comment le PNUD favorise les p\u00f4les d'innovation num\u00e9rique                                <\/a>\n                            <\/h3>\n                            <div class=\"blog-meta d-flex justify-content-between position-relative\">\n                                \n                                                            <\/div>\n                        <\/div>\n                    <\/div>\n                <\/div>\n                                <div class=\"col-lg-4 col-md-6\">\n                    <div class=\"nim-blog-item\">\n                        <div class=\"blog-img position-relative\">\n                                                        <div class=\"inner-img\">\n                                <img decoding=\"async\" src=\"https:\/\/digitech-planet.com\/wp-content\/uploads\/2025\/09\/Frame-26.png\" alt=\"\">\n                            <\/div>\n                            \n                                                    <\/div>\n                        <div class=\"blog-text txt-headline\">\n                            <h3 class=\"blog_title\">\n                                <a href=\"https:\/\/digitech-planet.com\/fr\/innovative_clan-timbuktoo\/\">\n                                    Construire l'avenir\u00a0: le r\u00f4le du PNUD dans la cr\u00e9ation de plateformes num\u00e9riques pour les entrepreneurs                                <\/a>\n                            <\/h3>\n                            <div class=\"blog-meta d-flex justify-content-between position-relative\">\n                                \n                                                            <\/div>\n                        <\/div>\n                    <\/div>\n                <\/div>\n                                <div class=\"col-lg-4 col-md-6\">\n                    <div class=\"nim-blog-item\">\n                        <div class=\"blog-img position-relative\">\n                                                        <div class=\"inner-img\">\n                                <img decoding=\"async\" src=\"https:\/\/digitech-planet.com\/wp-content\/uploads\/2024\/01\/challenge-1024x683.webp\" alt=\"\">\n                            <\/div>\n                            \n                                                    <\/div>\n                        <div class=\"blog-text txt-headline\">\n                            <h3 class=\"blog_title\">\n                                <a href=\"https:\/\/digitech-planet.com\/fr\/mtn-supports-entrepreneurship\/\">\n                                    Des id\u00e9es \u00e0 l'impact\u00a0: comment les plateformes num\u00e9riques soutenues par le PNUD favorisent l'innovation                                <\/a>\n                            <\/h3>\n                            <div class=\"blog-meta d-flex justify-content-between position-relative\">\n                                \n                                                            <\/div>\n                        <\/div>\n                    <\/div>\n                <\/div>\n                            <\/div>\n        <\/div>\n    <\/div>\n<\/section>\t\t\t\t<\/div>\n\t\t\t\t<\/div>\n\t\t\t\t<div class=\"elementor-element elementor-element-8f89095 elementor-widget elementor-widget-tx_post_grid elh-el tx_post_grid\" data-id=\"8f89095\" data-element_type=\"widget\" data-settings=\"{&quot;design_style&quot;:&quot;style_5&quot;,&quot;choose_columns&quot;:&quot;column_3&quot;}\" data-widget_type=\"tx_post_grid.default\">\n\t\t\t\t<div class=\"elementor-widget-container\">\n\t\t\t\t\t<section id=\"nim-blog\" class=\"nim-blog-section pt-110 pb-80 tx-section\">\n    <div class=\"container\">\n        <div class=\"nim-blog-top-content d-flex justify-content-between flex-wrap align-items-end\">\n            <div class=\"nim-section-title txt-headline\">\n                \n                            <\/div>\n\n                        <div class=\"blog-more-btn\">\n                <a class=\"tx-button\"\n                href=\"#\"\n                target=\"_self\"\n                rel=\"\">\n                    Button Text                                    <\/a>\n            <\/div>\n            \n        <\/div>\n        <div class=\"nim-blog-content pt-35\">\n            <div class=\"row justify-content-center\">\n                            <div class=\"col-lg-4 col-md-6\">\n                    <div class=\"nim-blog-item\">\n                        <div class=\"blog-img position-relative\">\n                                                        <div class=\"inner-img\">\n                                <img decoding=\"async\" src=\"https:\/\/digitech-planet.com\/wp-content\/uploads\/2024\/01\/image2-1024x683.jpg\" alt=\"\">\n                            <\/div>\n                            \n                                                    <\/div>\n                        <div class=\"blog-text txt-headline\">\n                            <h3 class=\"blog_title\">\n                                <a href=\"https:\/\/digitech-planet.com\/fr\/undp-at-cits\/\">\n                                    Autonomiser les entrepreneurs\u00a0: comment le PNUD favorise les p\u00f4les d'innovation num\u00e9rique                                <\/a>\n                            <\/h3>\n                            <div class=\"blog-meta d-flex justify-content-between position-relative\">\n                                \n                                                            <\/div>\n                        <\/div>\n                    <\/div>\n                <\/div>\n                                <div class=\"col-lg-4 col-md-6\">\n                    <div class=\"nim-blog-item\">\n                        <div class=\"blog-img position-relative\">\n                                                        <div class=\"inner-img\">\n                                <img decoding=\"async\" src=\"https:\/\/digitech-planet.com\/wp-content\/uploads\/2025\/09\/Frame-26.png\" alt=\"\">\n                            <\/div>\n                            \n                                                    <\/div>\n                        <div class=\"blog-text txt-headline\">\n                            <h3 class=\"blog_title\">\n                                <a href=\"https:\/\/digitech-planet.com\/fr\/innovative_clan-timbuktoo\/\">\n                                    Construire l'avenir\u00a0: le r\u00f4le du PNUD dans la cr\u00e9ation de plateformes num\u00e9riques pour les entrepreneurs                                <\/a>\n                            <\/h3>\n                            <div class=\"blog-meta d-flex justify-content-between position-relative\">\n                                \n                                                            <\/div>\n                        <\/div>\n                    <\/div>\n                <\/div>\n                                <div class=\"col-lg-4 col-md-6\">\n                    <div class=\"nim-blog-item\">\n                        <div class=\"blog-img position-relative\">\n                                                        <div class=\"inner-img\">\n                                <img decoding=\"async\" src=\"https:\/\/digitech-planet.com\/wp-content\/uploads\/2024\/01\/challenge-1024x683.webp\" alt=\"\">\n                            <\/div>\n                            \n                                                    <\/div>\n                        <div class=\"blog-text txt-headline\">\n                            <h3 class=\"blog_title\">\n                                <a href=\"https:\/\/digitech-planet.com\/fr\/mtn-supports-entrepreneurship\/\">\n                                    Des id\u00e9es \u00e0 l'impact\u00a0: comment les plateformes num\u00e9riques soutenues par le PNUD favorisent l'innovation                                <\/a>\n                            <\/h3>\n                            <div class=\"blog-meta d-flex justify-content-between position-relative\">\n                                \n                                                            <\/div>\n                        <\/div>\n                    <\/div>\n                <\/div>\n                            <\/div>\n        <\/div>\n    <\/div>\n<\/section>\t\t\t\t<\/div>\n\t\t\t\t<\/div>\n\t\t\t\t\t<\/div>\n\t\t<\/div>\n\t\t\t\t\t<\/div>\n\t\t<\/section>\n\t\t\t\t<\/div>","protected":false},"excerpt":{"rendered":"<p>Stay informed with the latest in innovation, entrepreneurship and opportunities at Digitech Planet. Our news section brings you timely updates on ground breaking projects, success stories, ecosystem advancements, and essential resources for entrepreneurs. Button Text Empowering Entrepreneurs: How UNDP is Driving Digital Innovation Hubs Building the Future: UNDP\u2019s Role in Establishing Digital Hubs for Entrepreneurs [&hellip;]<\/p>","protected":false},"author":1,"featured_media":0,"parent":0,"menu_order":0,"comment_status":"closed","ping_status":"closed","template":"elementor_header_footer","meta":{"inline_featured_image":false,"footnotes":""},"class_list":["post-2595","page","type-page","status-publish","hentry"],"_links":{"self":[{"href":"https:\/\/digitech-planet.com\/fr\/wp-json\/wp\/v2\/pages\/2595","targetHints":{"allow":["GET"]}}],"collection":[{"href":"https:\/\/digitech-planet.com\/fr\/wp-json\/wp\/v2\/pages"}],"about":[{"href":"https:\/\/digitech-planet.com\/fr\/wp-json\/wp\/v2\/types\/page"}],"author":[{"embeddable":true,"href":"https:\/\/digitech-planet.com\/fr\/wp-json\/wp\/v2\/users\/1"}],"replies":[{"embeddable":true,"href":"https:\/\/digitech-planet.com\/fr\/wp-json\/wp\/v2\/comments?post=2595"}],"version-history":[{"count":59,"href":"https:\/\/digitech-planet.com\/fr\/wp-json\/wp\/v2\/pages\/2595\/revisions"}],"predecessor-version":[{"id":4786,"href":"https:\/\/digitech-planet.com\/fr\/wp-json\/wp\/v2\/pages\/2595\/revisions\/4786"}],"wp:attachment":[{"href":"https:\/\/digitech-planet.com\/fr\/wp-json\/wp\/v2\/media?parent=2595"}],"curies":[{"name":"wp","href":"https:\/\/api.w.org\/{rel}","templated":true}]}}