{"id":1559,"date":"2024-01-13T09:37:51","date_gmt":"2024-01-13T09:37:51","guid":{"rendered":"https:\/\/themexriver.com\/wp\/choicy\/?page_id=1559"},"modified":"2025-09-17T05:16:57","modified_gmt":"2025-09-17T05:16:57","slug":"home-04","status":"publish","type":"page","link":"https:\/\/digitech-planet.com\/fr\/","title":{"rendered":"Accueil"},"content":{"rendered":"<div data-elementor-type=\"wp-page\" data-elementor-id=\"1559\" class=\"elementor elementor-1559\">\n\t\t\t\t\t\t<section class=\"elementor-section elementor-top-section elementor-element elementor-element-4b57a00 elementor-section-full_width elementor-section-height-default elementor-section-height-default\" data-id=\"4b57a00\" data-element_type=\"section\">\n\t\t\t\t\t\t<div class=\"elementor-container elementor-column-gap-default\">\n\t\t\t\t\t<div class=\"elementor-column elementor-col-100 elementor-top-column elementor-element elementor-element-d1fca83\" data-id=\"d1fca83\" data-element_type=\"column\">\n\t\t\t<div class=\"elementor-widget-wrap elementor-element-populated\">\n\t\t\t\t\t\t<div class=\"elementor-element elementor-element-b9fa504 elementor-widget elementor-widget-tx_hero_section elh-el tx_hero_section\" data-id=\"b9fa504\" data-element_type=\"widget\" data-settings=\"{&quot;design_style&quot;:&quot;style_1&quot;}\" data-widget_type=\"tx_hero_section.default\">\n\t\t\t\t<div class=\"elementor-widget-container\">\n\t\t\t\t\t<div class=\"chy-hero-1-area chy-class-add bg-default fix\" data-background=\"https:\/\/digitech-planet.com\/wp-content\/uploads\/2025\/08\/PAGE-DACCEUIL-DESKTOP.png\">\r\n    <div class=\"container chy-container-1\">\r\n        <div class=\"row align-items-center\">\r\n\r\n            <!-- left-content -->\r\n            <div class=\"col-lg-6\">\r\n                <div class=\"chy-hero-1-content\">\r\n\r\n                    \r\n                                        <h5 class=\"chy-subtitle-1 subtitle wow fadeInLeft tx-subTitle\" data-wow-duration=\"3s\">\r\n                                            <\/h5>\r\n                    \r\n                    <h3 class=\"tx-title chy-heading-1 title chy-split-in-hero-1 chy-split-text-2\">Bienvenue sur <br> <span>Digitech Planet<\/span><\/h3>\r\n                                        <p class=\"chy-para-1 disc wow fadeInLeft tx-description\" data-wow-duration=\"3s\">\r\n                        Impuls\u00e9 par le PNUD et la Fondation MTN                    <\/p>\r\n                    \r\n                    <div class=\"btn-wrap\">\r\n                                                <a href=\"https:\/\/hub.digitech-planet.com\/login\" class=\"chy-pr-btn-1 wow fadeInLeft tx-button\" data-wow-delay=\".5s\" data-wow-duration=\"3s\" >\r\n                            <span class=\"text\">\r\n                                D\u00c9COUVERTE                            <\/span>\r\n\r\n                                                        <span class=\"icon\">\r\n                                <i aria-hidden=\"true\" class=\"fas fa-angle-right\"><\/i>                            <\/span>\r\n                                                    <\/a>\r\n                        \r\n                                            <\/div>\r\n                <\/div>\r\n            <\/div>\r\n\r\n            <!-- right-img -->\r\n            <div class=\"col-lg-6\">\r\n                <div class=\"chy-hero-1-img\">\r\n                    \r\n                    \r\n                    \r\n                                    <\/div>\r\n            <\/div>\r\n        <\/div>\r\n    <\/div>\r\n\r\n    <\/div>\t\t\t\t<\/div>\n\t\t\t\t<\/div>\n\t\t\t\t\t<\/div>\n\t\t<\/div>\n\t\t\t\t\t<\/div>\n\t\t<\/section>\n\t\t\t\t<section class=\"elementor-section elementor-top-section elementor-element elementor-element-24cd84a elementor-section-boxed elementor-section-height-default elementor-section-height-default\" data-id=\"24cd84a\" data-element_type=\"section\">\n\t\t\t\t\t\t<div class=\"elementor-container elementor-column-gap-default\">\n\t\t\t\t\t<div class=\"elementor-column elementor-col-50 elementor-top-column elementor-element elementor-element-b468f8b elementor-hidden-mobile\" data-id=\"b468f8b\" data-element_type=\"column\" data-settings=\"{&quot;background_background&quot;:&quot;gradient&quot;}\">\n\t\t\t<div class=\"elementor-widget-wrap elementor-element-populated\">\n\t\t\t\t\t<div class=\"elementor-background-overlay\"><\/div>\n\t\t\t\t\t\t<div class=\"elementor-element elementor-element-9765d40 elementor-widget elementor-widget-tx_image_box elh-el tx_image_box\" data-id=\"9765d40\" data-element_type=\"widget\" data-settings=\"{&quot;design_style&quot;:&quot;style_8&quot;,&quot;image_1&quot;:{&quot;url&quot;:&quot;http:\\\/\\\/undpdigitalhub.sms-clan.com\\\/wp-content\\\/uploads\\\/2025\\\/08\\\/Frame-91.png&quot;,&quot;id&quot;:3797,&quot;size&quot;:&quot;&quot;,&quot;alt&quot;:&quot;&quot;,&quot;source&quot;:&quot;library&quot;},&quot;enable_feature_lists&quot;:&quot;yes&quot;}\" data-widget_type=\"tx_image_box.default\">\n\t\t\t\t<div class=\"elementor-widget-container\">\n\t\t\t\t\t<div class=\"chy-about-4-img\">\n    <span class=\"bg-color\"><\/span>\n            <div class=\"main-img\">\n            <img decoding=\"async\" src=\"http:\/\/undpdigitalhub.sms-clan.com\/wp-content\/uploads\/2025\/08\/Frame-91.png\" alt=\"\">\n        <\/div>\n    <\/div>\t\t\t\t<\/div>\n\t\t\t\t<\/div>\n\t\t\t\t\t<\/div>\n\t\t<\/div>\n\t\t\t\t<div class=\"elementor-column elementor-col-50 elementor-top-column elementor-element elementor-element-f355e7a\" data-id=\"f355e7a\" data-element_type=\"column\">\n\t\t\t<div class=\"elementor-widget-wrap elementor-element-populated\">\n\t\t\t\t\t\t<div class=\"elementor-element elementor-element-cdc9a55 elementor-widget elementor-widget-tx_heading elh-el tx_heading\" data-id=\"cdc9a55\" data-element_type=\"widget\" data-settings=\"{&quot;design_style&quot;:&quot;style_1&quot;}\" data-widget_type=\"tx_heading.default\">\n\t\t\t\t<div class=\"elementor-widget-container\">\n\t\t\t\t\t<div class=\"section-title-wrap text-left\">\r\n        <h5 class=\"chy-subtitle-1 tx-subTitle wow  noShape\">\r\n            <\/h5>\r\n    \r\n    <h2 class=\"tx-title chy-title-1 chy-split-text\">Qui sommes nous<\/h2>\r\n        <p class=\"tx-description chy-para-1 wow\">\r\n        Le Digital Hub Fondation MTN\/PNUD autonomise les jeunes et les femmes du monde, en particulier\nCamerounais grace \u00e0 des services d'innovation num\u00e9rique qui comblent les \u00e9carts \u00e9conomiques tout en soutenant la strat\u00e9gie nationale de d\u00e9veloppement 2030 du pays.    <\/p>\r\n    <\/div>\t\t\t\t<\/div>\n\t\t\t\t<\/div>\n\t\t\t\t\t<\/div>\n\t\t<\/div>\n\t\t\t\t\t<\/div>\n\t\t<\/section>\n\t\t\t\t<section class=\"elementor-section elementor-top-section elementor-element elementor-element-600143e fix elementor-section-full_width elementor-section-height-default elementor-section-height-default\" data-id=\"600143e\" data-element_type=\"section\" data-settings=\"{&quot;background_background&quot;:&quot;classic&quot;}\">\n\t\t\t\t\t\t<div class=\"elementor-container elementor-column-gap-default\">\n\t\t\t\t\t<div class=\"elementor-column elementor-col-100 elementor-top-column elementor-element elementor-element-d859b5c\" data-id=\"d859b5c\" data-element_type=\"column\">\n\t\t\t<div class=\"elementor-widget-wrap elementor-element-populated\">\n\t\t\t\t\t\t<section class=\"elementor-section elementor-inner-section elementor-element elementor-element-e85616a elementor-section-boxed elementor-section-height-default elementor-section-height-default\" data-id=\"e85616a\" data-element_type=\"section\">\n\t\t\t\t\t\t<div class=\"elementor-container elementor-column-gap-default\">\n\t\t\t\t\t<div class=\"elementor-column elementor-col-100 elementor-inner-column elementor-element elementor-element-6fc8ccb\" data-id=\"6fc8ccb\" data-element_type=\"column\">\n\t\t\t<div class=\"elementor-widget-wrap elementor-element-populated\">\n\t\t\t\t\t\t<div class=\"elementor-element elementor-element-71d4b9e elementor-widget elementor-widget-tx_heading elh-el tx_heading\" data-id=\"71d4b9e\" data-element_type=\"widget\" data-settings=\"{&quot;design_style&quot;:&quot;style_2&quot;}\" data-widget_type=\"tx_heading.default\">\n\t\t\t\t<div class=\"elementor-widget-container\">\n\t\t\t\t\t<div class=\"section-title-wrap text-center\">\r\n    \r\n    <h2 class=\"tx-title chy-title-2 chy-split-text chy-split-in-right-2\">Notre support principal<\/h2>\r\n    <\/div>\t\t\t\t<\/div>\n\t\t\t\t<\/div>\n\t\t\t\t\t<\/div>\n\t\t<\/div>\n\t\t\t\t\t<\/div>\n\t\t<\/section>\n\t\t\t\t<section class=\"elementor-section elementor-inner-section elementor-element elementor-element-6cc7eae elementor-hidden-mobile elementor-section-boxed elementor-section-height-default elementor-section-height-default\" data-id=\"6cc7eae\" data-element_type=\"section\">\n\t\t\t\t\t\t<div class=\"elementor-container elementor-column-gap-default\">\n\t\t\t\t\t<div class=\"elementor-column elementor-col-50 elementor-inner-column elementor-element elementor-element-48b2b6a\" data-id=\"48b2b6a\" data-element_type=\"column\">\n\t\t\t<div class=\"elementor-widget-wrap elementor-element-populated\">\n\t\t\t\t\t\t<div class=\"elementor-element elementor-element-781efab elementor-widget elementor-widget-tx_service_slide elh-el tx_service_slide\" data-id=\"781efab\" data-element_type=\"widget\" data-settings=\"{&quot;design_style&quot;:&quot;style_2&quot;}\" data-widget_type=\"tx_service_slide.default\">\n\t\t\t\t<div class=\"elementor-widget-container\">\n\t\t\t\t\t<div class=\"chy-trusted-2-slider\">\r\n    <div class=\"swiper-container fix chy_trusted_2_active\" data-speed=\"500000\" data-delay=\"500000\" data-pause_on_hover=\"true\">\r\n        <div class=\"swiper-wrapper\">\r\n\r\n                        <div class=\"swiper-slide\">\r\n                <div class=\"chy-trusted-2-slider-item tx-infoBox\">\r\n                    <div class=\"icon\">\r\n                                                    <i aria-hidden=\"true\" class=\"fas fa-suitcase\"><\/i>                                            <\/div>\r\n                    \r\n                                        <p class=\"chy-para-2 disc tx-description\">Promouvoir l\u2019emploi et le d\u00e9veloppement \u00e9conomique des femmes, des jeunes et des communaut\u00e9s<\/p>\r\n                                    <\/div>\r\n            <\/div>\r\n                        <div class=\"swiper-slide\">\r\n                <div class=\"chy-trusted-2-slider-item tx-infoBox\">\r\n                    <div class=\"icon\">\r\n                                                    <i aria-hidden=\"true\" class=\"fas fa-graduation-cap\"><\/i>                                            <\/div>\r\n                    \r\n                                        <p class=\"chy-para-2 disc tx-description\">Promouvoir l'\u00e9ducation, le mentorat et la formation des startups dirig\u00e9es par des femmes et des jeunes<\/p>\r\n                                    <\/div>\r\n            <\/div>\r\n            \r\n        <\/div>\r\n    <\/div>\r\n\r\n    <div class=\"chy-trusted-2-pagination\"><\/div>\r\n<\/div>\t\t\t\t<\/div>\n\t\t\t\t<\/div>\n\t\t\t\t\t<\/div>\n\t\t<\/div>\n\t\t\t\t<div class=\"elementor-column elementor-col-50 elementor-inner-column elementor-element elementor-element-36f3c20\" data-id=\"36f3c20\" data-element_type=\"column\">\n\t\t\t<div class=\"elementor-widget-wrap elementor-element-populated\">\n\t\t\t\t\t\t<div class=\"elementor-element elementor-element-263636d elementor-widget__width-initial elementor-widget elementor-widget-tx_service_slide elh-el tx_service_slide\" data-id=\"263636d\" data-element_type=\"widget\" data-settings=\"{&quot;design_style&quot;:&quot;style_2&quot;}\" data-widget_type=\"tx_service_slide.default\">\n\t\t\t\t<div class=\"elementor-widget-container\">\n\t\t\t\t\t<div class=\"chy-trusted-2-slider\">\r\n    <div class=\"swiper-container fix chy_trusted_2_active\" data-speed=\"5000\" data-delay=\"5000\" data-pause_on_hover=\"true\">\r\n        <div class=\"swiper-wrapper\">\r\n\r\n                        <div class=\"swiper-slide\">\r\n                <div class=\"chy-trusted-2-slider-item tx-infoBox\">\r\n                    <div class=\"icon\">\r\n                                                    <i aria-hidden=\"true\" class=\"fas fa-handshake\"><\/i>                                            <\/div>\r\n                    \r\n                                        <p class=\"chy-para-2 disc tx-description\">Favoriser les partenariats et la collaboration entre entrepreneurs, innovateurs et chercheurs<\/p>\r\n                                    <\/div>\r\n            <\/div>\r\n                        <div class=\"swiper-slide\">\r\n                <div class=\"chy-trusted-2-slider-item tx-infoBox\">\r\n                    <div class=\"icon\">\r\n                                                    <i aria-hidden=\"true\" class=\"fas fa-chart-line\"><\/i>                                            <\/div>\r\n                    \r\n                                        <p class=\"chy-para-2 disc tx-description\">Faciliter l'acc\u00e8s aux ressources financi\u00e8res et non financi\u00e8res pour les entrepreneurs<\/p>\r\n                                    <\/div>\r\n            <\/div>\r\n            \r\n        <\/div>\r\n    <\/div>\r\n\r\n    <div class=\"chy-trusted-2-pagination\"><\/div>\r\n<\/div>\t\t\t\t<\/div>\n\t\t\t\t<\/div>\n\t\t\t\t\t<\/div>\n\t\t<\/div>\n\t\t\t\t\t<\/div>\n\t\t<\/section>\n\t\t\t\t<section class=\"elementor-section elementor-inner-section elementor-element elementor-element-f4ea5e7 elementor-hidden-desktop elementor-hidden-tablet elementor-section-boxed elementor-section-height-default elementor-section-height-default\" data-id=\"f4ea5e7\" data-element_type=\"section\">\n\t\t\t\t\t\t<div class=\"elementor-container elementor-column-gap-default\">\n\t\t\t\t\t<div class=\"elementor-column elementor-col-100 elementor-inner-column elementor-element elementor-element-0137626\" data-id=\"0137626\" data-element_type=\"column\">\n\t\t\t<div class=\"elementor-widget-wrap elementor-element-populated\">\n\t\t\t\t\t\t<div class=\"elementor-element elementor-element-a62e36a elementor-widget elementor-widget-tx_service_slide elh-el tx_service_slide\" data-id=\"a62e36a\" data-element_type=\"widget\" data-settings=\"{&quot;design_style&quot;:&quot;style_2&quot;}\" data-widget_type=\"tx_service_slide.default\">\n\t\t\t\t<div class=\"elementor-widget-container\">\n\t\t\t\t\t<div class=\"chy-trusted-2-slider\">\r\n    <div class=\"swiper-container fix chy_trusted_2_active\" data-speed=\"500000\" data-delay=\"500000\" data-pause_on_hover=\"true\">\r\n        <div class=\"swiper-wrapper\">\r\n\r\n                        <div class=\"swiper-slide\">\r\n                <div class=\"chy-trusted-2-slider-item tx-infoBox\">\r\n                    <div class=\"icon\">\r\n                                                    <i aria-hidden=\"true\" class=\"fas fa-suitcase\"><\/i>                                            <\/div>\r\n                    \r\n                                        <p class=\"chy-para-2 disc tx-description\">Promouvoir l\u2019emploi et le d\u00e9veloppement \u00e9conomique des femmes, des jeunes et des communaut\u00e9s<\/p>\r\n                                    <\/div>\r\n            <\/div>\r\n            \r\n        <\/div>\r\n    <\/div>\r\n\r\n    <div class=\"chy-trusted-2-pagination\"><\/div>\r\n<\/div>\t\t\t\t<\/div>\n\t\t\t\t<\/div>\n\t\t\t\t<div class=\"elementor-element elementor-element-d2b6785 elementor-widget elementor-widget-tx_service_slide elh-el tx_service_slide\" data-id=\"d2b6785\" data-element_type=\"widget\" data-settings=\"{&quot;design_style&quot;:&quot;style_2&quot;}\" data-widget_type=\"tx_service_slide.default\">\n\t\t\t\t<div class=\"elementor-widget-container\">\n\t\t\t\t\t<div class=\"chy-trusted-2-slider\">\r\n    <div class=\"swiper-container fix chy_trusted_2_active\" data-speed=\"500000\" data-delay=\"500000\" data-pause_on_hover=\"true\">\r\n        <div class=\"swiper-wrapper\">\r\n\r\n                        <div class=\"swiper-slide\">\r\n                <div class=\"chy-trusted-2-slider-item tx-infoBox\">\r\n                    <div class=\"icon\">\r\n                                                    <i aria-hidden=\"true\" class=\"fas fa-graduation-cap\"><\/i>                                            <\/div>\r\n                    \r\n                                        <p class=\"chy-para-2 disc tx-description\">Promouvoir l'\u00e9ducation, le mentorat et la formation des startups dirig\u00e9es par des femmes et des jeunes<\/p>\r\n                                    <\/div>\r\n            <\/div>\r\n            \r\n        <\/div>\r\n    <\/div>\r\n\r\n    <div class=\"chy-trusted-2-pagination\"><\/div>\r\n<\/div>\t\t\t\t<\/div>\n\t\t\t\t<\/div>\n\t\t\t\t<div class=\"elementor-element elementor-element-0a76ef4 elementor-widget__width-initial elementor-widget elementor-widget-tx_service_slide elh-el tx_service_slide\" data-id=\"0a76ef4\" data-element_type=\"widget\" data-settings=\"{&quot;design_style&quot;:&quot;style_2&quot;}\" data-widget_type=\"tx_service_slide.default\">\n\t\t\t\t<div class=\"elementor-widget-container\">\n\t\t\t\t\t<div class=\"chy-trusted-2-slider\">\r\n    <div class=\"swiper-container fix chy_trusted_2_active\" data-speed=\"5000\" data-delay=\"5000\" data-pause_on_hover=\"true\">\r\n        <div class=\"swiper-wrapper\">\r\n\r\n                        <div class=\"swiper-slide\">\r\n                <div class=\"chy-trusted-2-slider-item tx-infoBox\">\r\n                    <div class=\"icon\">\r\n                                                    <i aria-hidden=\"true\" class=\"fas fa-handshake\"><\/i>                                            <\/div>\r\n                    \r\n                                        <p class=\"chy-para-2 disc tx-description\">Favoriser les partenariats et la collaboration entre entrepreneurs, innovateurs et chercheurs<\/p>\r\n                                    <\/div>\r\n            <\/div>\r\n            \r\n        <\/div>\r\n    <\/div>\r\n\r\n    <div class=\"chy-trusted-2-pagination\"><\/div>\r\n<\/div>\t\t\t\t<\/div>\n\t\t\t\t<\/div>\n\t\t\t\t<div class=\"elementor-element elementor-element-db659bf elementor-widget__width-initial elementor-widget elementor-widget-tx_service_slide elh-el tx_service_slide\" data-id=\"db659bf\" data-element_type=\"widget\" data-settings=\"{&quot;design_style&quot;:&quot;style_2&quot;}\" data-widget_type=\"tx_service_slide.default\">\n\t\t\t\t<div class=\"elementor-widget-container\">\n\t\t\t\t\t<div class=\"chy-trusted-2-slider\">\r\n    <div class=\"swiper-container fix chy_trusted_2_active\" data-speed=\"5000\" data-delay=\"5000\" data-pause_on_hover=\"true\">\r\n        <div class=\"swiper-wrapper\">\r\n\r\n                        <div class=\"swiper-slide\">\r\n                <div class=\"chy-trusted-2-slider-item tx-infoBox\">\r\n                    <div class=\"icon\">\r\n                                                    <i aria-hidden=\"true\" class=\"fas fa-chart-line\"><\/i>                                            <\/div>\r\n                    \r\n                                        <p class=\"chy-para-2 disc tx-description\">Faciliter l'acc\u00e8s aux ressources financi\u00e8res et non financi\u00e8res pour les entrepreneurs<\/p>\r\n                                    <\/div>\r\n            <\/div>\r\n            \r\n        <\/div>\r\n    <\/div>\r\n\r\n    <div class=\"chy-trusted-2-pagination\"><\/div>\r\n<\/div>\t\t\t\t<\/div>\n\t\t\t\t<\/div>\n\t\t\t\t\t<\/div>\n\t\t<\/div>\n\t\t\t\t\t<\/div>\n\t\t<\/section>\n\t\t\t\t\t<\/div>\n\t\t<\/div>\n\t\t\t\t\t<\/div>\n\t\t<\/section>\n\t\t\t\t<section class=\"elementor-section elementor-top-section elementor-element elementor-element-e36fcb1 fix elementor-section-full_width elementor-section-height-default elementor-section-height-default\" data-id=\"e36fcb1\" data-element_type=\"section\" data-settings=\"{&quot;background_background&quot;:&quot;classic&quot;}\">\n\t\t\t\t\t\t<div class=\"elementor-container elementor-column-gap-default\">\n\t\t\t\t\t<div class=\"elementor-column elementor-col-100 elementor-top-column elementor-element elementor-element-81d6185\" data-id=\"81d6185\" data-element_type=\"column\">\n\t\t\t<div class=\"elementor-widget-wrap elementor-element-populated\">\n\t\t\t\t\t\t<section class=\"elementor-section elementor-inner-section elementor-element elementor-element-92e7e1e elementor-section-boxed elementor-section-height-default elementor-section-height-default\" data-id=\"92e7e1e\" data-element_type=\"section\">\n\t\t\t\t\t\t<div class=\"elementor-container elementor-column-gap-default\">\n\t\t\t\t\t<div class=\"elementor-column elementor-col-100 elementor-inner-column elementor-element elementor-element-e970e3f\" data-id=\"e970e3f\" data-element_type=\"column\">\n\t\t\t<div class=\"elementor-widget-wrap elementor-element-populated\">\n\t\t\t\t\t\t<div class=\"elementor-element elementor-element-1ba58ac elementor-widget elementor-widget-tx_heading elh-el tx_heading\" data-id=\"1ba58ac\" data-element_type=\"widget\" data-settings=\"{&quot;design_style&quot;:&quot;style_2&quot;}\" data-widget_type=\"tx_heading.default\">\n\t\t\t\t<div class=\"elementor-widget-container\">\n\t\t\t\t\t<div class=\"section-title-wrap text-center\">\r\n    \r\n    <h2 class=\"tx-title chy-title-2 chy-split-text chy-split-in-right-2\">Nos prestations principales<\/h2>\r\n    <\/div>\t\t\t\t<\/div>\n\t\t\t\t<\/div>\n\t\t\t\t\t<\/div>\n\t\t<\/div>\n\t\t\t\t\t<\/div>\n\t\t<\/section>\n\t\t\t\t<div class=\"elementor-element elementor-element-0b5951f elementor-widget__width-initial elementor-widget elementor-widget-tx_service_list elh-el tx_service_list\" data-id=\"0b5951f\" data-element_type=\"widget\" data-settings=\"{&quot;design_style&quot;:&quot;style_1&quot;}\" data-widget_type=\"tx_service_list.default\">\n\t\t\t\t<div class=\"elementor-widget-container\">\n\t\t\t\t\t<div class=\"chy-services-2-item-wrap chy-class-add\">\r\n\r\n    \r\n        <div class=\"chy-services-2-item tx-infoBox\">\r\n        <div class=\"tilt_scale\">\r\n                        <div class=\"icon\">\r\n                                    <img decoding=\"async\" src=\"https:\/\/digitech-planet.com\/wp-content\/uploads\/2025\/08\/Frame-7.png\" alt=\"\" \/>\r\n                            <\/div>\r\n            \r\n            <h5 class=\"chy-heading-1 title tx-title\">\r\n                <a href=\"https:\/\/digitech-planet.com\/fr\/capacity_building\/\">\r\n                    Formations                <\/a>\r\n            <\/h5>\r\n\r\n                        <p class=\"chy-para-2 disc tx-description\">Gardez une longueur d'avance \u00e0 l'\u00e8re num\u00e9rique gr\u00e2ce \u00e0 nos programmes de formation pratique<\/p>\r\n            \r\n        <\/div>\r\n    <\/div>\r\n        <div class=\"chy-services-2-item tx-infoBox\">\r\n        <div class=\"tilt_scale\">\r\n                        <div class=\"icon\">\r\n                                    <img decoding=\"async\" src=\"https:\/\/digitech-planet.com\/wp-content\/uploads\/2025\/08\/Frame-8.png\" alt=\"\" \/>\r\n                            <\/div>\r\n            \r\n            <h5 class=\"chy-heading-1 title tx-title\">\r\n                <a href=\"https:\/\/digitech-planet.com\/fr\/auditorium\/\">\r\n                    Espace de coworking                <\/a>\r\n            <\/h5>\r\n\r\n                        <p class=\"chy-para-2 disc tx-description\">Espace de coworking flexible pour cr\u00e9ateurs et freelances<\/p>\r\n            \r\n        <\/div>\r\n    <\/div>\r\n        <div class=\"chy-services-2-item tx-infoBox\">\r\n        <div class=\"tilt_scale\">\r\n                        <div class=\"icon\">\r\n                                    <img decoding=\"async\" src=\"https:\/\/digitech-planet.com\/wp-content\/uploads\/2025\/08\/Frame-9.png\" alt=\"\" \/>\r\n                            <\/div>\r\n            \r\n            <h5 class=\"chy-heading-1 title tx-title\">\r\n                <a href=\"https:\/\/digitech-planet.com\/fr\/advisory\/\">\r\n                    Incubation                <\/a>\r\n            <\/h5>\r\n\r\n                        <p class=\"chy-para-2 disc tx-description\">Transformez votre structure en une entreprise prosp\u00e8re gr\u00e2ce \u00e0 notre service sur mesure...<\/p>\r\n            \r\n        <\/div>\r\n    <\/div>\r\n        <div class=\"chy-services-2-item tx-infoBox\">\r\n        <div class=\"tilt_scale\">\r\n                        <div class=\"icon\">\r\n                                    <img decoding=\"async\" src=\"https:\/\/digitech-planet.com\/wp-content\/uploads\/2025\/08\/Frame-11.png\" alt=\"\" \/>\r\n                            <\/div>\r\n            \r\n            <h5 class=\"chy-heading-1 title tx-title\">\r\n                <a href=\"https:\/\/digitech-planet.com\/fr\/timbuktoo\/\">\r\n                    Timbuktoo Corner                <\/a>\r\n            <\/h5>\r\n\r\n                        <p class=\"chy-para-2 disc tx-description\">La plus grande initiative de d\u00e9marrage qui soutient les jeunes entrepreneurs<\/p>\r\n            \r\n        <\/div>\r\n    <\/div>\r\n    \r\n<\/div>\t\t\t\t<\/div>\n\t\t\t\t<\/div>\n\t\t\t\t\t<\/div>\n\t\t<\/div>\n\t\t\t\t\t<\/div>\n\t\t<\/section>\n\t\t\t\t<\/div>","protected":false},"excerpt":{"rendered":"<p>Welcome to Digitech Planet Powered by UNDP &amp; MTN Foundation DISCOVERY Who we are The MTN Foundation\/UNDP Digital Hub empowers Cameroonian youth and women through digital innovation services that bridge economic gaps while supporting the country&#8217;s National development strategy 2030 Our main Support Promote jobs and economic development for women, youth and communities Promote education, [&hellip;]<\/p>","protected":false},"author":1,"featured_media":0,"parent":0,"menu_order":0,"comment_status":"closed","ping_status":"closed","template":"elementor_header_footer","meta":{"inline_featured_image":false,"footnotes":""},"class_list":["post-1559","page","type-page","status-publish","hentry"],"_links":{"self":[{"href":"https:\/\/digitech-planet.com\/fr\/wp-json\/wp\/v2\/pages\/1559","targetHints":{"allow":["GET"]}}],"collection":[{"href":"https:\/\/digitech-planet.com\/fr\/wp-json\/wp\/v2\/pages"}],"about":[{"href":"https:\/\/digitech-planet.com\/fr\/wp-json\/wp\/v2\/types\/page"}],"author":[{"embeddable":true,"href":"https:\/\/digitech-planet.com\/fr\/wp-json\/wp\/v2\/users\/1"}],"replies":[{"embeddable":true,"href":"https:\/\/digitech-planet.com\/fr\/wp-json\/wp\/v2\/comments?post=1559"}],"version-history":[{"count":714,"href":"https:\/\/digitech-planet.com\/fr\/wp-json\/wp\/v2\/pages\/1559\/revisions"}],"predecessor-version":[{"id":4843,"href":"https:\/\/digitech-planet.com\/fr\/wp-json\/wp\/v2\/pages\/1559\/revisions\/4843"}],"wp:attachment":[{"href":"https:\/\/digitech-planet.com\/fr\/wp-json\/wp\/v2\/media?parent=1559"}],"curies":[{"name":"wp","href":"https:\/\/api.w.org\/{rel}","templated":true}]}}